{"id":34,"date":"2022-02-17T13:41:12","date_gmt":"2022-02-17T13:41:12","guid":{"rendered":"https:\/\/amberdistribution.lv\/?page_id=34"},"modified":"2024-05-28T11:48:54","modified_gmt":"2024-05-28T11:48:54","slug":"amber-distribution-latvia","status":"publish","type":"page","link":"https:\/\/amberdistribution.lv\/lv\/about\/amber-distribution-latvia\/","title":{"rendered":"Amber Distribution Latvia"},"content":{"rendered":"\n<p><strong>Amber Distribution Latvia ir Nr. 1 distrib\u016bcijas uz\u0146\u0113mums Latvij\u0101 attiec\u012bb\u0101 uz apjomu, ie\u0146\u0113mumiem un g\u016bto pe\u013c\u0146u. 2021. gad\u0101 Amber Distribution Latvia neto apgroz\u012bjums sasniedza visu laiku liel\u0101ko apjomu 136 miljonus EUR.<\/strong><\/p>\n\n\n\n<p><strong>Tagad uz\u0146\u0113muma sniegtie pakalpojumi klientiem ir pieejami ar\u012b online re\u017e\u012bm\u0101 24 stundas diennakt\u012b jaunaj\u0101 pas\u016bt\u012bjumu platform\u0101 <a href=\"http:\/\/www.amberdrinks.eu\" data-type=\"URL\" data-id=\"www.amberdrinks.eu\" target=\"_blank\" rel=\"noopener\">www.amberdrinks.eu<\/a>!<\/strong><\/p>\n\n\n\n<p>M\u016bsu uz\u0146\u0113mums ir bijis vado\u0161ais izplat\u012bt\u0101js kop\u0161 1990. gada, ko 2007. gad\u0101 p\u0101r\u0146\u0113ma m\u0101tes uz\u0146\u0113mums SPI Group un \u0161obr\u012bd ir da\u013ca no holdinga Amber Beverage Group. Pateicoties m\u016bsu pieredz\u0113ju\u0161ajai un motiv\u0113tajai p\u0101rdo\u0161anas un m\u0101rketinga komandai, m\u0113s apkalpojam vair\u0101k k\u0101 4000 klientus, gad\u0101 p\u0101rdodot vair\u0101k nek\u0101 2.3 miljonu 9L kastes.<\/p>\n\n\n\n<p>Amber Distribution Latvia portfelis ietver vair\u0101k nek\u0101 220 starptautiskus un viet\u0113jos dz\u0113rienu z\u012bmolus, m\u016bsu izsmalcin\u0101to v\u012bnu izv\u0113le ietver vair\u0101k nek\u0101 450 poz\u012bcijas no 45 v\u012bna dar\u012bt\u0101jiem vis\u0101 pasaul\u0113. M\u0113s esam gandar\u012bti, ka varam pied\u0101v\u0101t m\u016bsu klientiem tik pla\u0161u un kvalitat\u012bvu izv\u0113li.<\/p>\n\n\n\n<p>Neskatoties uz nelielo apjomu, Latvijas dz\u0113rienu tirgus ir konkur\u0113tsp\u0113j\u012bgs un ambiciozs. Liel\u0101k\u0101s kategorijas \u0161eit ir degv\u012bns, dzirksto\u0161ie dz\u0113rieni, viskiji un brendiji, kur Amber Distribution Latvia ie\u0146em sp\u0113c\u012bgu l\u012bdera st\u0101vokli. M\u016bsu poz\u012bcij\u0101, k\u0101 vado\u0161ajiem izplat\u012bt\u0101jiem veikalu t\u012bklos un HoReCa sektor\u0101, m\u016bsu liel\u0101kais izaicin\u0101jums ir turpin\u0101t pilnveidot m\u016bsu darb\u012bbu un atkl\u0101t jaunus veidus k\u0101 augt kop\u0101 ar m\u016bsu klientu gaumi.<\/p>\n","protected":false},"excerpt":{"rendered":"<p>Amber Distribution Latvia ir Nr. 1 distrib\u016bcijas uz\u0146\u0113mums Latvij\u0101 attiec\u012bb\u0101 uz apjomu, ie\u0146\u0113mumiem un g\u016bto pe\u013c\u0146u. 2021. gad\u0101 Amber Distribution Latvia neto apgroz\u012bjums sasniedza visu laiku liel\u0101ko apjomu 136 miljonus...<\/p>\n","protected":false},"author":1,"featured_media":146,"parent":36,"menu_order":0,"comment_status":"closed","ping_status":"closed","template":"","meta":[],"acf":[],"_links":{"self":[{"href":"https:\/\/amberdistribution.lv\/lv\/wp-json\/wp\/v2\/pages\/34"}],"collection":[{"href":"https:\/\/amberdistribution.lv\/lv\/wp-json\/wp\/v2\/pages"}],"about":[{"href":"https:\/\/amberdistribution.lv\/lv\/wp-json\/wp\/v2\/types\/page"}],"author":[{"embeddable":true,"href":"https:\/\/amberdistribution.lv\/lv\/wp-json\/wp\/v2\/users\/1"}],"replies":[{"embeddable":true,"href":"https:\/\/amberdistribution.lv\/lv\/wp-json\/wp\/v2\/comments?post=34"}],"version-history":[{"count":16,"href":"https:\/\/amberdistribution.lv\/lv\/wp-json\/wp\/v2\/pages\/34\/revisions"}],"predecessor-version":[{"id":6680,"href":"https:\/\/amberdistribution.lv\/lv\/wp-json\/wp\/v2\/pages\/34\/revisions\/6680"}],"up":[{"embeddable":true,"href":"https:\/\/amberdistribution.lv\/lv\/wp-json\/wp\/v2\/pages\/36"}],"wp:featuredmedia":[{"embeddable":true,"href":"https:\/\/amberdistribution.lv\/lv\/wp-json\/wp\/v2\/media\/146"}],"wp:attachment":[{"href":"https:\/\/amberdistribution.lv\/lv\/wp-json\/wp\/v2\/media?parent=34"}],"curies":[{"name":"wp","href":"https:\/\/api.w.org\/{rel}","templated":true}]}}