{"id":62,"date":"2022-02-18T07:50:48","date_gmt":"2022-02-18T07:50:48","guid":{"rendered":"https:\/\/amberdistribution.lv\/?page_id=62"},"modified":"2022-06-20T13:26:26","modified_gmt":"2022-06-20T13:26:26","slug":"kontakti","status":"publish","type":"page","link":"https:\/\/amberdistribution.lv\/lv\/about\/kontakti\/","title":{"rendered":"Kontakti"},"content":{"rendered":"\n<p><strong>Amber Distribution Latvia ofiss<\/strong><\/p>\n\n\n\n<p>Noliktavu iela 11, Dreili\u0146i, Stopi\u0146u pagasts,&nbsp;Ropa\u017eu novads, Latvija, LV \u2013 2130<\/p>\n\n\n\n<p>Telefons: (+371) 67880433<\/p>\n\n\n\n<p>Fakss: (+371) 67880432<\/p>\n\n\n\n<p>E-pasts.:&nbsp;<a href=\"mailto:office@amberdistribution.lv\" target=\"_blank\" rel=\"noreferrer noopener\">office@amberdistribution.lv<\/a><\/p>\n\n\n\n<p><strong>Pas\u016bt\u012bjumu noda\u013ca<\/strong><\/p>\n\n\n\n<p>Telefons: (+371) 67880400<\/p>\n\n\n\n<p>Darba laiks: 08.30 - 17.30<\/p>\n\n\n\n<p>E-pasts.:&nbsp;<a href=\"mailto:pasutijumi@amberdistribution.lv\">pasutijumi@amberdistribution.lv<\/a><\/p>\n","protected":false},"excerpt":{"rendered":"<p>Amber Distribution Latvia ofiss Noliktavu iela 11, Dreili\u0146i, Stopi\u0146u pagasts,&nbsp;Ropa\u017eu novads, Latvija, LV \u2013 2130 Telefons: (+371) 67880433 Fakss: (+371) 67880432 E-pasts.:&nbsp;office@amberdistribution.lv Pas\u016bt\u012bjumu noda\u013ca Telefons: (+371) 67880400 Darba laiks: 08.30...<\/p>\n","protected":false},"author":1,"featured_media":0,"parent":36,"menu_order":0,"comment_status":"closed","ping_status":"closed","template":"","meta":[],"acf":[],"_links":{"self":[{"href":"https:\/\/amberdistribution.lv\/lv\/wp-json\/wp\/v2\/pages\/62"}],"collection":[{"href":"https:\/\/amberdistribution.lv\/lv\/wp-json\/wp\/v2\/pages"}],"about":[{"href":"https:\/\/amberdistribution.lv\/lv\/wp-json\/wp\/v2\/types\/page"}],"author":[{"embeddable":true,"href":"https:\/\/amberdistribution.lv\/lv\/wp-json\/wp\/v2\/users\/1"}],"replies":[{"embeddable":true,"href":"https:\/\/amberdistribution.lv\/lv\/wp-json\/wp\/v2\/comments?post=62"}],"version-history":[{"count":4,"href":"https:\/\/amberdistribution.lv\/lv\/wp-json\/wp\/v2\/pages\/62\/revisions"}],"predecessor-version":[{"id":4204,"href":"https:\/\/amberdistribution.lv\/lv\/wp-json\/wp\/v2\/pages\/62\/revisions\/4204"}],"up":[{"embeddable":true,"href":"https:\/\/amberdistribution.lv\/lv\/wp-json\/wp\/v2\/pages\/36"}],"wp:attachment":[{"href":"https:\/\/amberdistribution.lv\/lv\/wp-json\/wp\/v2\/media?parent=62"}],"curies":[{"name":"wp","href":"https:\/\/api.w.org\/{rel}","templated":true}]}}