{"id":1020,"date":"2022-03-21T09:07:46","date_gmt":"2022-03-21T09:07:46","guid":{"rendered":"https:\/\/amberdistribution.lv\/?post_type=product&#038;p=1020"},"modified":"2025-08-06T09:13:20","modified_gmt":"2025-08-06T09:13:20","slug":"moskovskaya-silver","status":"publish","type":"product","link":"https:\/\/amberdistribution.lv\/lv\/product\/moskovskaya-silver\/","title":{"rendered":"Moskovskaya Silver"},"content":{"rendered":"<p><strong>Moskovskaya Silver Vodka<\/strong> ir augstas kvalit\u0101tes graudu degv\u012bns, kas rad\u012bts p\u0113c tradicion\u0101l\u0101s metodes. T\u0101 ra\u017eo\u0161an\u0101 izmanto filtr\u0101ciju caur ar sudrabu impregn\u0113t\u0101m b\u0113rza ogl\u0113m, kam seko att\u012br\u012b\u0161ana caur kvarca smilt\u012bm un auduma filtriem, lai atdal\u012btu viss\u012bk\u0101k\u0101s piejaukumu da\u013ci\u0146as. P\u0113c tam spirts tiek sajaukts ar art\u0113zisk\u0101 dzi\u013curbuma \u016bdeni l\u012bdz 40 % stiprumam un v\u0113lreiz filtr\u0113ts. Ir pier\u0101d\u012bts, ka sudraba izmanto\u0161ana degv\u012bna att\u012br\u012b\u0161an\u0101 pie\u0161\u0137ir dz\u0113rienam maig\u0101ku gar\u0161u un liel\u0101ku dzidrumu.<\/p>\n<p>R\u016bpn\u012bca R\u012bg\u0101, kur\u0101 tiek ra\u017eota <i>Moskovskaya Silver Vodka<\/i>, dibin\u0101ta 1900. gad\u0101, nodro\u0161inot vair\u0101k nek\u0101 125 gadu pieredzi degv\u012bna ra\u017eo\u0161an\u0101. Gadu gait\u0101 <i>Moskovskaya<\/i> ir ieguvusi daudzus starptautiskus apbalvojumus un atzin\u012bbu, izce\u013coties ar savu maigo gar\u0161u un \u012bpa\u0161o raksturu.<\/p>\n","protected":false},"excerpt":{"rendered":"<p>Moskovskaya Silver Vodka ir augstas kvalit\u0101tes graudu degv\u012bns, kas rad\u012bts p\u0113c tradicion\u0101l\u0101s metodes. T\u0101 ra\u017eo\u0161an\u0101 izmanto filtr\u0101ciju caur ar sudrabu impregn\u0113t\u0101m b\u0113rza ogl\u0113m, kam seko att\u012br\u012b\u0161ana caur kvarca smilt\u012bm un...<\/p>\n","protected":false},"featured_media":1014,"template":"","meta":[],"product_cat":[25],"product_tag":[],"acf":[],"_links":{"self":[{"href":"https:\/\/amberdistribution.lv\/lv\/wp-json\/wp\/v2\/product\/1020"}],"collection":[{"href":"https:\/\/amberdistribution.lv\/lv\/wp-json\/wp\/v2\/product"}],"about":[{"href":"https:\/\/amberdistribution.lv\/lv\/wp-json\/wp\/v2\/types\/product"}],"wp:featuredmedia":[{"embeddable":true,"href":"https:\/\/amberdistribution.lv\/lv\/wp-json\/wp\/v2\/media\/1014"}],"wp:attachment":[{"href":"https:\/\/amberdistribution.lv\/lv\/wp-json\/wp\/v2\/media?parent=1020"}],"wp:term":[{"taxonomy":"product_cat","embeddable":true,"href":"https:\/\/amberdistribution.lv\/lv\/wp-json\/wp\/v2\/product_cat?post=1020"},{"taxonomy":"product_tag","embeddable":true,"href":"https:\/\/amberdistribution.lv\/lv\/wp-json\/wp\/v2\/product_tag?post=1020"}],"curies":[{"name":"wp","href":"https:\/\/api.w.org\/{rel}","templated":true}]}}