{"id":1042,"date":"2022-03-21T14:42:36","date_gmt":"2022-03-21T14:42:36","guid":{"rendered":"https:\/\/amberdistribution.lv\/?post_type=product&#038;p=1042"},"modified":"2025-03-21T13:05:30","modified_gmt":"2025-03-21T13:05:30","slug":"psenicnaja","status":"publish","type":"product","link":"https:\/\/amberdistribution.lv\/lv\/product\/psenicnaja\/","title":{"rendered":"P\u0161e\u0146i\u010dnaja"},"content":{"rendered":"<p>P\u0161e\u0146i\u010dnaja - degv\u012bns, kas izgatavots no visaugst\u0101k\u0101s kvalit\u0101tes spirta no graudiem p\u0113c senas tehnolo\u0123ijas. Ieteicams to pasniegt atdzes\u0113tu vai izmantot k\u0101 lielisku da\u017e\u0101du koktei\u013cu sast\u0101vda\u013cu.<\/p>\n","protected":false},"excerpt":{"rendered":"<p>P\u0161e\u0146i\u010dnaja - degv\u012bns, kas izgatavots no visaugst\u0101k\u0101s kvalit\u0101tes spirta no graudiem p\u0113c senas tehnolo\u0123ijas. Ieteicams to pasniegt atdzes\u0113tu vai izmantot k\u0101 lielisku da\u017e\u0101du koktei\u013cu sast\u0101vda\u013cu.<\/p>\n","protected":false},"featured_media":1051,"template":"","meta":[],"product_cat":[25],"product_tag":[],"acf":[],"_links":{"self":[{"href":"https:\/\/amberdistribution.lv\/lv\/wp-json\/wp\/v2\/product\/1042"}],"collection":[{"href":"https:\/\/amberdistribution.lv\/lv\/wp-json\/wp\/v2\/product"}],"about":[{"href":"https:\/\/amberdistribution.lv\/lv\/wp-json\/wp\/v2\/types\/product"}],"wp:featuredmedia":[{"embeddable":true,"href":"https:\/\/amberdistribution.lv\/lv\/wp-json\/wp\/v2\/media\/1051"}],"wp:attachment":[{"href":"https:\/\/amberdistribution.lv\/lv\/wp-json\/wp\/v2\/media?parent=1042"}],"wp:term":[{"taxonomy":"product_cat","embeddable":true,"href":"https:\/\/amberdistribution.lv\/lv\/wp-json\/wp\/v2\/product_cat?post=1042"},{"taxonomy":"product_tag","embeddable":true,"href":"https:\/\/amberdistribution.lv\/lv\/wp-json\/wp\/v2\/product_tag?post=1042"}],"curies":[{"name":"wp","href":"https:\/\/api.w.org\/{rel}","templated":true}]}}