{"id":1066,"date":"2022-03-21T14:50:44","date_gmt":"2022-03-21T14:50:44","guid":{"rendered":"https:\/\/amberdistribution.lv\/?post_type=product&#038;p=1066"},"modified":"2024-06-19T10:24:18","modified_gmt":"2024-06-19T10:24:18","slug":"reyka","status":"publish","type":"product","link":"https:\/\/amberdistribution.lv\/lv\/product\/reyka\/","title":{"rendered":"Reyka"},"content":{"rendered":"<p>\u0160\u012b unik\u0101l\u0101 Islandes degv\u012bna \u012bpa\u0161ais arom\u0101ts rad\u012bts pateicoties pieciem pamatelementiem:<\/p>\n<ul>\n<li>nevainojami t\u012brajam Islandes \u016bdenim,<\/li>\n<li><em>Carter-Head Still<\/em> destil\u0101cijas ier\u012bcei, k\u0101das ir vien da\u017eas pasaul\u0113,<\/li>\n<li>lavas akme\u0146u filtr\u0101cijas procesam, kas tiek atz\u012bts par vienu no dabisk\u0101kajiem un efekt\u012bv\u0101kajiem filtr\u0101cijas procesiem pasaul\u0113,<\/li>\n<li>\u0123eoterm\u0101l\u0101 ener\u0123ija (rad\u012bta no apk\u0101rtnes karsto avotu tvaika), kas tiek izmantota vis\u0101 ra\u017eo\u0161anas proces\u0101,<\/li>\n<li>gatavo\u0161anai neliel\u0101s porcij\u0101s, kas nodro\u0161ina \u012bpa\u0161as kvalit\u0101tes kontroles iesp\u0113jas.<\/li>\n<\/ul>\n<p>Reyka ir izveidojusi izcilas gar\u0161as reput\u0101ciju starptautisk\u0101 m\u0113rog\u0101 - 2011. gad\u0101 Reyka tika pie\u0161\u0137irts Vodka Trophy starptautiskaj\u0101 izst\u0101d\u0113 International Wine and Spirit Competition (IWSC) un 2013.gad\u0101 \u2013 Zelta meda\u013ca San Francisco World Spirits Competition, k\u0101 ar\u012b \u2018Very good\u2014Strong recommendation\u2019 tituls Ultimate Spirits Challenge.<\/p>\n","protected":false},"excerpt":{"rendered":"<p>\u0160\u012b unik\u0101l\u0101 Islandes degv\u012bna \u012bpa\u0161ais arom\u0101ts rad\u012bts pateicoties pieciem pamatelementiem: nevainojami t\u012brajam Islandes \u016bdenim, Carter-Head Still destil\u0101cijas ier\u012bcei, k\u0101das ir vien da\u017eas pasaul\u0113, lavas akme\u0146u filtr\u0101cijas procesam, kas tiek atz\u012bts...<\/p>\n","protected":false},"featured_media":4781,"template":"","meta":[],"product_cat":[25],"product_tag":[],"acf":[],"_links":{"self":[{"href":"https:\/\/amberdistribution.lv\/lv\/wp-json\/wp\/v2\/product\/1066"}],"collection":[{"href":"https:\/\/amberdistribution.lv\/lv\/wp-json\/wp\/v2\/product"}],"about":[{"href":"https:\/\/amberdistribution.lv\/lv\/wp-json\/wp\/v2\/types\/product"}],"wp:featuredmedia":[{"embeddable":true,"href":"https:\/\/amberdistribution.lv\/lv\/wp-json\/wp\/v2\/media\/4781"}],"wp:attachment":[{"href":"https:\/\/amberdistribution.lv\/lv\/wp-json\/wp\/v2\/media?parent=1066"}],"wp:term":[{"taxonomy":"product_cat","embeddable":true,"href":"https:\/\/amberdistribution.lv\/lv\/wp-json\/wp\/v2\/product_cat?post=1066"},{"taxonomy":"product_tag","embeddable":true,"href":"https:\/\/amberdistribution.lv\/lv\/wp-json\/wp\/v2\/product_tag?post=1066"}],"curies":[{"name":"wp","href":"https:\/\/api.w.org\/{rel}","templated":true}]}}