{"id":1070,"date":"2022-03-21T15:00:49","date_gmt":"2022-03-21T15:00:49","guid":{"rendered":"https:\/\/amberdistribution.lv\/?post_type=product&#038;p=1070"},"modified":"2022-03-21T15:00:49","modified_gmt":"2022-03-21T15:00:49","slug":"riga-black-vodka","status":"publish","type":"product","link":"https:\/\/amberdistribution.lv\/lv\/product\/riga-black-vodka\/","title":{"rendered":"Riga Black Vodka"},"content":{"rendered":"<p>Riga Black Vodka \u2013 augst\u0101k\u0101s kvalit\u0101tes degv\u012bns, kas izce\u013cas ar savu vieglo, skaidro un svaigo arom\u0101tu, k\u0101 ar\u012b pat\u012bkamo p\u0113cgar\u0161u. Riga Black ir pagatavots, savienojot augst\u0101k\u0101 labuma spirtu ar t\u012br\u0101ko \u016bdeni no art\u0113ziskaj\u0101m ak\u0101m. Apbr\u012bnojam\u0101 gar\u0161as t\u012br\u012bba tiek pan\u0101kta 7 posmu filtr\u0101cijas proces\u0101, kas ietver ar\u012b unik\u0101lo sudraba og\u013cu metodi \u2013 tiek izmantota sudraba joniz\u0101cija, impregn\u0113jot ogli. Bez pievienota cukura. Riga Black nes sev\u012b \u00abHouse of Riga Black Balsam\u00bb izcil\u0101s kvalit\u0101tes z\u012bmi. R\u012bgas Meln\u0101 Balzama meistaru rad\u012bts degv\u012bns. Ieguvis meda\u013cas presti\u017eos starptautiskos nozares konkursos. Delik\u0101ts un maigs \u2013 tas ir ide\u0101lais dz\u0113riens gan vi\u0146am, gan vi\u0146ai.<\/p>\n","protected":false},"excerpt":{"rendered":"<p>Riga Black Vodka \u2013 augst\u0101k\u0101s kvalit\u0101tes degv\u012bns, kas izce\u013cas ar savu vieglo, skaidro un svaigo arom\u0101tu, k\u0101 ar\u012b pat\u012bkamo p\u0113cgar\u0161u. Riga Black ir pagatavots, savienojot augst\u0101k\u0101 labuma spirtu ar t\u012br\u0101ko...<\/p>\n","protected":false},"featured_media":1076,"template":"","meta":[],"product_cat":[25],"product_tag":[],"acf":[],"_links":{"self":[{"href":"https:\/\/amberdistribution.lv\/lv\/wp-json\/wp\/v2\/product\/1070"}],"collection":[{"href":"https:\/\/amberdistribution.lv\/lv\/wp-json\/wp\/v2\/product"}],"about":[{"href":"https:\/\/amberdistribution.lv\/lv\/wp-json\/wp\/v2\/types\/product"}],"wp:featuredmedia":[{"embeddable":true,"href":"https:\/\/amberdistribution.lv\/lv\/wp-json\/wp\/v2\/media\/1076"}],"wp:attachment":[{"href":"https:\/\/amberdistribution.lv\/lv\/wp-json\/wp\/v2\/media?parent=1070"}],"wp:term":[{"taxonomy":"product_cat","embeddable":true,"href":"https:\/\/amberdistribution.lv\/lv\/wp-json\/wp\/v2\/product_cat?post=1070"},{"taxonomy":"product_tag","embeddable":true,"href":"https:\/\/amberdistribution.lv\/lv\/wp-json\/wp\/v2\/product_tag?post=1070"}],"curies":[{"name":"wp","href":"https:\/\/api.w.org\/{rel}","templated":true}]}}