{"id":1176,"date":"2022-03-22T12:18:33","date_gmt":"2022-03-22T12:18:33","guid":{"rendered":"https:\/\/amberdistribution.lv\/?post_type=product&#038;p=1176"},"modified":"2024-06-19T10:05:08","modified_gmt":"2024-06-19T10:05:08","slug":"stoli","status":"publish","type":"product","link":"https:\/\/amberdistribution.lv\/lv\/product\/stoli\/","title":{"rendered":"Stoli"},"content":{"rendered":"<p>Stoli viens no pirkt\u0101kajiem degv\u012bniem pasaule\u0304, ra\u017eots Latvija\u0304 no visaugst\u0101k\u0101s kvalit\u0101tes graudu spirta \u201cAlpha\u201d, pievienojot \u012bpa\u0161i att\u012br\u012btu \u016bdeni un filtr\u0113jot caur be\u0304rza kokogli un kvarca smilti\u0304m. Stoli nevainojama\u0304 gar\u0161a ir augstu nov\u0113rt\u0113ta pasaule\u0304 un apbalvota ar daudziem starptautiskiem apbalvojumiem. Stoli tradicion\u0101li pasniedz ti\u0304ra\u0304 veida\u0304, ar ledu vai kokteil\u0327os.<\/p>\n","protected":false},"excerpt":{"rendered":"<p>Stoli viens no pirkt\u0101kajiem degv\u012bniem pasaule\u0304, ra\u017eots Latvija\u0304 no visaugst\u0101k\u0101s kvalit\u0101tes graudu spirta \u201cAlpha\u201d, pievienojot \u012bpa\u0161i att\u012br\u012btu \u016bdeni un filtr\u0113jot caur be\u0304rza kokogli un kvarca smilti\u0304m. Stoli nevainojama\u0304 gar\u0161a ir...<\/p>\n","protected":false},"featured_media":6163,"template":"","meta":[],"product_cat":[25],"product_tag":[],"acf":[],"_links":{"self":[{"href":"https:\/\/amberdistribution.lv\/lv\/wp-json\/wp\/v2\/product\/1176"}],"collection":[{"href":"https:\/\/amberdistribution.lv\/lv\/wp-json\/wp\/v2\/product"}],"about":[{"href":"https:\/\/amberdistribution.lv\/lv\/wp-json\/wp\/v2\/types\/product"}],"wp:featuredmedia":[{"embeddable":true,"href":"https:\/\/amberdistribution.lv\/lv\/wp-json\/wp\/v2\/media\/6163"}],"wp:attachment":[{"href":"https:\/\/amberdistribution.lv\/lv\/wp-json\/wp\/v2\/media?parent=1176"}],"wp:term":[{"taxonomy":"product_cat","embeddable":true,"href":"https:\/\/amberdistribution.lv\/lv\/wp-json\/wp\/v2\/product_cat?post=1176"},{"taxonomy":"product_tag","embeddable":true,"href":"https:\/\/amberdistribution.lv\/lv\/wp-json\/wp\/v2\/product_tag?post=1176"}],"curies":[{"name":"wp","href":"https:\/\/api.w.org\/{rel}","templated":true}]}}