{"id":1236,"date":"2022-03-22T13:08:53","date_gmt":"2022-03-22T13:08:53","guid":{"rendered":"https:\/\/amberdistribution.lv\/?post_type=product&#038;p=1236"},"modified":"2023-11-10T12:11:47","modified_gmt":"2023-11-10T12:11:47","slug":"stoli-vanil","status":"publish","type":"product","link":"https:\/\/amberdistribution.lv\/lv\/product\/stoli-vanil\/","title":{"rendered":"Stoli Vanil"},"content":{"rendered":"<p>Stoli Vanil ir premi\u0101ls degv\u012bns ar vani\u013cas arom\u0101tu. Degv\u012bns tiek ra\u017eots p\u0113c augst\u0101k\u0101s kvalit\u0101tes standartiem, izmantojot pa\u0161as modern\u0101k\u0101s tehnolo\u0123ijas, un tiek papildin\u0101ts ar vani\u013cas arom\u0101tu, lai ieg\u016btu rakstur\u012bgo Stoli Vanil gar\u0161u. Baudiet Stoli Vanil t\u012br\u0101 veid\u0101, ar g\u0101z\u0113tiem dz\u0113rieniem vai ar\u012b pagatavojot izsmalcin\u0101tus koktei\u013cus.<\/p>\n","protected":false},"excerpt":{"rendered":"<p>Stoli Vanil ir premi\u0101ls degv\u012bns ar vani\u013cas arom\u0101tu. Degv\u012bns tiek ra\u017eots p\u0113c augst\u0101k\u0101s kvalit\u0101tes standartiem, izmantojot pa\u0161as modern\u0101k\u0101s tehnolo\u0123ijas, un tiek papildin\u0101ts ar vani\u013cas arom\u0101tu, lai ieg\u016btu rakstur\u012bgo Stoli Vanil...<\/p>\n","protected":false},"featured_media":6143,"template":"","meta":[],"product_cat":[25],"product_tag":[],"acf":[],"_links":{"self":[{"href":"https:\/\/amberdistribution.lv\/lv\/wp-json\/wp\/v2\/product\/1236"}],"collection":[{"href":"https:\/\/amberdistribution.lv\/lv\/wp-json\/wp\/v2\/product"}],"about":[{"href":"https:\/\/amberdistribution.lv\/lv\/wp-json\/wp\/v2\/types\/product"}],"wp:featuredmedia":[{"embeddable":true,"href":"https:\/\/amberdistribution.lv\/lv\/wp-json\/wp\/v2\/media\/6143"}],"wp:attachment":[{"href":"https:\/\/amberdistribution.lv\/lv\/wp-json\/wp\/v2\/media?parent=1236"}],"wp:term":[{"taxonomy":"product_cat","embeddable":true,"href":"https:\/\/amberdistribution.lv\/lv\/wp-json\/wp\/v2\/product_cat?post=1236"},{"taxonomy":"product_tag","embeddable":true,"href":"https:\/\/amberdistribution.lv\/lv\/wp-json\/wp\/v2\/product_tag?post=1236"}],"curies":[{"name":"wp","href":"https:\/\/api.w.org\/{rel}","templated":true}]}}