{"id":1450,"date":"2022-03-24T12:50:39","date_gmt":"2022-03-24T12:50:39","guid":{"rendered":"https:\/\/amberdistribution.lv\/?post_type=product&#038;p=1450"},"modified":"2024-01-16T11:11:18","modified_gmt":"2024-01-16T11:11:18","slug":"bonaparte","status":"publish","type":"product","link":"https:\/\/amberdistribution.lv\/lv\/product\/bonaparte\/","title":{"rendered":"Bonaparte"},"content":{"rendered":"<p>Bonaparte - alkoholiskais dz\u0113riens ar maigu gar\u0161u un smalku muskatriekstu arom\u0101tu, ko augstu nov\u0113rt\u0113s brendija cien\u012bt\u0101ji. Bonaparte jau daudzus gadus ir viens no pirkt\u0101kajiem alkoholisko dz\u0113rienu z\u012bmoliem Latvij\u0101.<\/p>\n","protected":false},"excerpt":{"rendered":"<p>Bonaparte - alkoholiskais dz\u0113riens ar maigu gar\u0161u un smalku muskatriekstu arom\u0101tu, ko augstu nov\u0113rt\u0113s brendija cien\u012bt\u0101ji. Bonaparte jau daudzus gadus ir viens no pirkt\u0101kajiem alkoholisko dz\u0113rienu z\u012bmoliem Latvij\u0101.<\/p>\n","protected":false},"featured_media":1376,"template":"","meta":[],"product_cat":[302,1065],"product_tag":[],"acf":[],"_links":{"self":[{"href":"https:\/\/amberdistribution.lv\/lv\/wp-json\/wp\/v2\/product\/1450"}],"collection":[{"href":"https:\/\/amberdistribution.lv\/lv\/wp-json\/wp\/v2\/product"}],"about":[{"href":"https:\/\/amberdistribution.lv\/lv\/wp-json\/wp\/v2\/types\/product"}],"wp:featuredmedia":[{"embeddable":true,"href":"https:\/\/amberdistribution.lv\/lv\/wp-json\/wp\/v2\/media\/1376"}],"wp:attachment":[{"href":"https:\/\/amberdistribution.lv\/lv\/wp-json\/wp\/v2\/media?parent=1450"}],"wp:term":[{"taxonomy":"product_cat","embeddable":true,"href":"https:\/\/amberdistribution.lv\/lv\/wp-json\/wp\/v2\/product_cat?post=1450"},{"taxonomy":"product_tag","embeddable":true,"href":"https:\/\/amberdistribution.lv\/lv\/wp-json\/wp\/v2\/product_tag?post=1450"}],"curies":[{"name":"wp","href":"https:\/\/api.w.org\/{rel}","templated":true}]}}