{"id":1477,"date":"2022-03-24T13:24:02","date_gmt":"2022-03-24T13:24:02","guid":{"rendered":"https:\/\/amberdistribution.lv\/?post_type=product&#038;p=1477"},"modified":"2024-05-28T06:31:53","modified_gmt":"2024-05-28T06:31:53","slug":"hektors","status":"publish","type":"product","link":"https:\/\/amberdistribution.lv\/lv\/product\/hektors\/","title":{"rendered":"Hektors"},"content":{"rendered":"<p>Hektors \u2013 dz\u0113riens ar l\u012bdzsvarotu \u0101bolu un kafijas pupi\u0146u gar\u0161as bu\u0137eti un smalku ozolkoka un vani\u013cas arom\u0101tu. Sast\u0101vda\u013cu arom\u0101tiski, ori\u0123in\u0101l\u0101 kompoz\u012bcija padara Hektoru par \u012bpa\u0161u baud\u012bjumu svaigas un maigas gar\u0161as cien\u012bt\u0101jiem.<\/p>\n","protected":false},"excerpt":{"rendered":"<p>Hektors \u2013 dz\u0113riens ar l\u012bdzsvarotu \u0101bolu un kafijas pupi\u0146u gar\u0161as bu\u0137eti un smalku ozolkoka un vani\u013cas arom\u0101tu. Sast\u0101vda\u013cu arom\u0101tiski, ori\u0123in\u0101l\u0101 kompoz\u012bcija padara Hektoru par \u012bpa\u0161u baud\u012bjumu svaigas un maigas gar\u0161as...<\/p>\n","protected":false},"featured_media":6656,"template":"","meta":[],"product_cat":[302,1065],"product_tag":[],"acf":[],"_links":{"self":[{"href":"https:\/\/amberdistribution.lv\/lv\/wp-json\/wp\/v2\/product\/1477"}],"collection":[{"href":"https:\/\/amberdistribution.lv\/lv\/wp-json\/wp\/v2\/product"}],"about":[{"href":"https:\/\/amberdistribution.lv\/lv\/wp-json\/wp\/v2\/types\/product"}],"wp:featuredmedia":[{"embeddable":true,"href":"https:\/\/amberdistribution.lv\/lv\/wp-json\/wp\/v2\/media\/6656"}],"wp:attachment":[{"href":"https:\/\/amberdistribution.lv\/lv\/wp-json\/wp\/v2\/media?parent=1477"}],"wp:term":[{"taxonomy":"product_cat","embeddable":true,"href":"https:\/\/amberdistribution.lv\/lv\/wp-json\/wp\/v2\/product_cat?post=1477"},{"taxonomy":"product_tag","embeddable":true,"href":"https:\/\/amberdistribution.lv\/lv\/wp-json\/wp\/v2\/product_tag?post=1477"}],"curies":[{"name":"wp","href":"https:\/\/api.w.org\/{rel}","templated":true}]}}