{"id":1491,"date":"2022-03-24T13:39:19","date_gmt":"2022-03-24T13:39:19","guid":{"rendered":"https:\/\/amberdistribution.lv\/?post_type=product&#038;p=1491"},"modified":"2023-01-17T08:26:26","modified_gmt":"2023-01-17T08:26:26","slug":"torres-10","status":"publish","type":"product","link":"https:\/\/amberdistribution.lv\/lv\/product\/torres-10\/","title":{"rendered":"Torres 10"},"content":{"rendered":"<p>Sp\u0101\u0146u brendijs, nogatavin\u0101ts ar \"Solera\" metodi\u00a0 amerik\u0101\u0146u ozolkoka muc\u0101s. Vec\u0101kais destil\u0101ts ir iztur\u0113ts 10 gadus. Rakstur\u012bga tum\u0161a top\u0101za\u00a0 kr\u0101sa, sp\u0113c\u012bgi un izteiksm\u012bgi arom\u0101ti ar kan\u0113\u013ca un vani\u013cas not\u012bm.<\/p>\n<p>R\u016bp\u012bga v\u012bnogu atlase, destil\u0101cija un ilgsto\u0161a iztur\u0113\u0161ana visaugst\u0101k\u0101s kvalit\u0101tes ozolkoka muc\u0101s padara Torres 10\u00a0 par dz\u0113rienu ar neparastu gar\u0161u un arom\u0101tu \u2014 pasaul\u0113 visvair\u0101k p\u0101rdotais Reserva Imperial brendijs.<\/p>\n","protected":false},"excerpt":{"rendered":"<p>Sp\u0101\u0146u brendijs, nogatavin\u0101ts ar \"Solera\" metodi\u00a0 amerik\u0101\u0146u ozolkoka muc\u0101s. Vec\u0101kais destil\u0101ts ir iztur\u0113ts 10 gadus. Rakstur\u012bga tum\u0161a top\u0101za\u00a0 kr\u0101sa, sp\u0113c\u012bgi un izteiksm\u012bgi arom\u0101ti ar kan\u0113\u013ca un vani\u013cas not\u012bm. R\u016bp\u012bga v\u012bnogu...<\/p>\n","protected":false},"featured_media":1408,"template":"","meta":[],"product_cat":[302,1062],"product_tag":[],"acf":[],"_links":{"self":[{"href":"https:\/\/amberdistribution.lv\/lv\/wp-json\/wp\/v2\/product\/1491"}],"collection":[{"href":"https:\/\/amberdistribution.lv\/lv\/wp-json\/wp\/v2\/product"}],"about":[{"href":"https:\/\/amberdistribution.lv\/lv\/wp-json\/wp\/v2\/types\/product"}],"wp:featuredmedia":[{"embeddable":true,"href":"https:\/\/amberdistribution.lv\/lv\/wp-json\/wp\/v2\/media\/1408"}],"wp:attachment":[{"href":"https:\/\/amberdistribution.lv\/lv\/wp-json\/wp\/v2\/media?parent=1491"}],"wp:term":[{"taxonomy":"product_cat","embeddable":true,"href":"https:\/\/amberdistribution.lv\/lv\/wp-json\/wp\/v2\/product_cat?post=1491"},{"taxonomy":"product_tag","embeddable":true,"href":"https:\/\/amberdistribution.lv\/lv\/wp-json\/wp\/v2\/product_tag?post=1491"}],"curies":[{"name":"wp","href":"https:\/\/api.w.org\/{rel}","templated":true}]}}