{"id":1496,"date":"2022-03-24T14:49:03","date_gmt":"2022-03-24T14:49:03","guid":{"rendered":"https:\/\/amberdistribution.lv\/?post_type=product&#038;p=1496"},"modified":"2023-01-17T08:25:59","modified_gmt":"2023-01-17T08:25:59","slug":"torres-10-double-barrel","status":"publish","type":"product","link":"https:\/\/amberdistribution.lv\/lv\/product\/torres-10-double-barrel\/","title":{"rendered":"Torres 10 Double barrel"},"content":{"rendered":"<p>Brendijs, kas papla\u0161ina klasisko Torres 10 brendiju s\u0113riju.\u00a0 Tas tiek iztur\u0113ts vec\u0101s amerik\u0101\u0146u ozolkoka muc\u0101s, izmantojot Solera metodi, t\u0101dej\u0101di brendijam pie\u0161\u0137irot maigas notis, bet otraj\u0101 nogatavin\u0101\u0161anas posm\u0101 jaun\u0101s amerik\u0101\u0146u ozolkoka muc\u0101s brendija gar\u0161u un arom\u0101tu bag\u0101tina ar svaig\u0101m grauzd\u0113juma un vani\u013cas not\u012bm, kas papildina \u0161\u012b dz\u0113riena sare\u017e\u0123\u012bt\u012bbu.<\/p>\n","protected":false},"excerpt":{"rendered":"<p>Brendijs, kas papla\u0161ina klasisko Torres 10 brendiju s\u0113riju.\u00a0 Tas tiek iztur\u0113ts vec\u0101s amerik\u0101\u0146u ozolkoka muc\u0101s, izmantojot Solera metodi, t\u0101dej\u0101di brendijam pie\u0161\u0137irot maigas notis, bet otraj\u0101 nogatavin\u0101\u0161anas posm\u0101 jaun\u0101s amerik\u0101\u0146u ozolkoka...<\/p>\n","protected":false},"featured_media":1410,"template":"","meta":[],"product_cat":[302,1062],"product_tag":[],"acf":[],"_links":{"self":[{"href":"https:\/\/amberdistribution.lv\/lv\/wp-json\/wp\/v2\/product\/1496"}],"collection":[{"href":"https:\/\/amberdistribution.lv\/lv\/wp-json\/wp\/v2\/product"}],"about":[{"href":"https:\/\/amberdistribution.lv\/lv\/wp-json\/wp\/v2\/types\/product"}],"wp:featuredmedia":[{"embeddable":true,"href":"https:\/\/amberdistribution.lv\/lv\/wp-json\/wp\/v2\/media\/1410"}],"wp:attachment":[{"href":"https:\/\/amberdistribution.lv\/lv\/wp-json\/wp\/v2\/media?parent=1496"}],"wp:term":[{"taxonomy":"product_cat","embeddable":true,"href":"https:\/\/amberdistribution.lv\/lv\/wp-json\/wp\/v2\/product_cat?post=1496"},{"taxonomy":"product_tag","embeddable":true,"href":"https:\/\/amberdistribution.lv\/lv\/wp-json\/wp\/v2\/product_tag?post=1496"}],"curies":[{"name":"wp","href":"https:\/\/api.w.org\/{rel}","templated":true}]}}