{"id":1497,"date":"2022-03-24T14:51:02","date_gmt":"2022-03-24T14:51:02","guid":{"rendered":"https:\/\/amberdistribution.lv\/?post_type=product&#038;p=1497"},"modified":"2023-01-17T08:25:42","modified_gmt":"2023-01-17T08:25:42","slug":"torres-15","status":"publish","type":"product","link":"https:\/\/amberdistribution.lv\/lv\/product\/torres-15\/","title":{"rendered":"Torres 15"},"content":{"rendered":"<p>Bag\u0101t\u012bgas, sare\u017e\u0123\u012btas gar\u0161as brendijs ir izgatavots no Xarel \u2022 lo, Macabeo un Parellada v\u012bnog\u0101m, izmantojot dubult\u0101s destil\u0101cijas metodi. Nogatavin\u0101ts ar solera metodi fran\u010du ozolkoka muc\u0101s. Vec\u0101kais destil\u0101ts ir iztur\u0113ts 15 gadus. Rakstur\u012bga tum\u0161a dzintara kr\u0101sa, bag\u0101t\u012bgi un eleganti arom\u0101ti. Taj\u0101 domin\u0113 grauzdi\u0146\u0161, d\u016bmu notis, kas savijas ar ciedra, vani\u013cas, kan\u0113\u013ca, \u017e\u0101v\u0113tu aug\u013cu un riekstu arom\u0101tiem Kompleksa gar\u0161a ar j\u016btamu maigu tan\u012bna efektu un ilgsto\u0161u p\u0113cgar\u0161u.<\/p>\n","protected":false},"excerpt":{"rendered":"<p>Bag\u0101t\u012bgas, sare\u017e\u0123\u012btas gar\u0161as brendijs ir izgatavots no Xarel \u2022 lo, Macabeo un Parellada v\u012bnog\u0101m, izmantojot dubult\u0101s destil\u0101cijas metodi. Nogatavin\u0101ts ar solera metodi fran\u010du ozolkoka muc\u0101s. Vec\u0101kais destil\u0101ts ir iztur\u0113ts 15...<\/p>\n","protected":false},"featured_media":4955,"template":"","meta":[],"product_cat":[302,1062],"product_tag":[],"acf":[],"_links":{"self":[{"href":"https:\/\/amberdistribution.lv\/lv\/wp-json\/wp\/v2\/product\/1497"}],"collection":[{"href":"https:\/\/amberdistribution.lv\/lv\/wp-json\/wp\/v2\/product"}],"about":[{"href":"https:\/\/amberdistribution.lv\/lv\/wp-json\/wp\/v2\/types\/product"}],"wp:featuredmedia":[{"embeddable":true,"href":"https:\/\/amberdistribution.lv\/lv\/wp-json\/wp\/v2\/media\/4955"}],"wp:attachment":[{"href":"https:\/\/amberdistribution.lv\/lv\/wp-json\/wp\/v2\/media?parent=1497"}],"wp:term":[{"taxonomy":"product_cat","embeddable":true,"href":"https:\/\/amberdistribution.lv\/lv\/wp-json\/wp\/v2\/product_cat?post=1497"},{"taxonomy":"product_tag","embeddable":true,"href":"https:\/\/amberdistribution.lv\/lv\/wp-json\/wp\/v2\/product_tag?post=1497"}],"curies":[{"name":"wp","href":"https:\/\/api.w.org\/{rel}","templated":true}]}}