{"id":1498,"date":"2022-03-24T14:52:57","date_gmt":"2022-03-24T14:52:57","guid":{"rendered":"https:\/\/amberdistribution.lv\/?post_type=product&#038;p=1498"},"modified":"2023-01-17T08:25:10","modified_gmt":"2023-01-17T08:25:10","slug":"torres-20","status":"publish","type":"product","link":"https:\/\/amberdistribution.lv\/lv\/product\/torres-20\/","title":{"rendered":"Torres 20"},"content":{"rendered":"<p>Brendijs, kas izgatavots no Parellada un Ugni Blanc v\u012bnog\u0101m, izmantojot dubult\u0101s destil\u0101cijas metodi. Statiski nogatavin\u0101ts jaun\u0101s fran\u010du ozolkoka muc\u0101s.<\/p>\n<p>\u0160im brendijam rakstur\u012bga tum\u0161a dzintara kr\u0101sa, dzi\u013c\u0161 arom\u0101ts ar riekstu un \u017e\u0101v\u0113tu aug\u013cu not\u012bm. Gar\u0161vielu notis \u2013 vani\u013ca, kan\u0113lis un muskatrieksts. Gar\u0161a ir ide\u0101li sabalans\u0113ta.<\/p>\n","protected":false},"excerpt":{"rendered":"<p>Brendijs, kas izgatavots no Parellada un Ugni Blanc v\u012bnog\u0101m, izmantojot dubult\u0101s destil\u0101cijas metodi. Statiski nogatavin\u0101ts jaun\u0101s fran\u010du ozolkoka muc\u0101s. \u0160im brendijam rakstur\u012bga tum\u0161a dzintara kr\u0101sa, dzi\u013c\u0161 arom\u0101ts ar riekstu un...<\/p>\n","protected":false},"featured_media":1416,"template":"","meta":[],"product_cat":[302,1062],"product_tag":[],"acf":[],"_links":{"self":[{"href":"https:\/\/amberdistribution.lv\/lv\/wp-json\/wp\/v2\/product\/1498"}],"collection":[{"href":"https:\/\/amberdistribution.lv\/lv\/wp-json\/wp\/v2\/product"}],"about":[{"href":"https:\/\/amberdistribution.lv\/lv\/wp-json\/wp\/v2\/types\/product"}],"wp:featuredmedia":[{"embeddable":true,"href":"https:\/\/amberdistribution.lv\/lv\/wp-json\/wp\/v2\/media\/1416"}],"wp:attachment":[{"href":"https:\/\/amberdistribution.lv\/lv\/wp-json\/wp\/v2\/media?parent=1498"}],"wp:term":[{"taxonomy":"product_cat","embeddable":true,"href":"https:\/\/amberdistribution.lv\/lv\/wp-json\/wp\/v2\/product_cat?post=1498"},{"taxonomy":"product_tag","embeddable":true,"href":"https:\/\/amberdistribution.lv\/lv\/wp-json\/wp\/v2\/product_tag?post=1498"}],"curies":[{"name":"wp","href":"https:\/\/api.w.org\/{rel}","templated":true}]}}