{"id":1504,"date":"2022-03-24T14:58:07","date_gmt":"2022-03-24T14:58:07","guid":{"rendered":"https:\/\/amberdistribution.lv\/?post_type=product&#038;p=1504"},"modified":"2023-01-17T08:24:46","modified_gmt":"2023-01-17T08:24:46","slug":"torres-jaime-i","status":"publish","type":"product","link":"https:\/\/amberdistribution.lv\/lv\/product\/torres-jaime-i\/","title":{"rendered":"Torres Jaime I"},"content":{"rendered":"<p>Brendijs rad\u012bts par godu Torres dibin\u0101t\u0101jam. Izgatavots no Parellada un Folle Blanche v\u012bnog\u0101m, izmantojot dubult\u0101s destil\u0101cijas metodi \u2013 tiek izmantoti tikai rezerves destil\u0101ti no lab\u0101k\u0101s ra\u017eas. a\u013ca brendija (35%) nogatavin\u0101ta ar solera metodi Amerikas ozolkoka muc\u0101s, otra da\u013ca (65%) ar statisko metodi fran\u010du ozolkoka muc\u0101s. Vec\u0101kais destil\u0101ts saglab\u0101jies 30 gadus. Tam ir dzi\u013ca un tum\u0161a dzintara kr\u0101sa ar aug\u013cu un gar\u0161vielu nokr\u0101su. Viegla un maiga gar\u0161a.<\/p>\n","protected":false},"excerpt":{"rendered":"<p>Brendijs rad\u012bts par godu Torres dibin\u0101t\u0101jam. Izgatavots no Parellada un Folle Blanche v\u012bnog\u0101m, izmantojot dubult\u0101s destil\u0101cijas metodi \u2013 tiek izmantoti tikai rezerves destil\u0101ti no lab\u0101k\u0101s ra\u017eas. a\u013ca brendija (35%) nogatavin\u0101ta...<\/p>\n","protected":false},"featured_media":1418,"template":"","meta":[],"product_cat":[302,1062],"product_tag":[],"acf":[],"_links":{"self":[{"href":"https:\/\/amberdistribution.lv\/lv\/wp-json\/wp\/v2\/product\/1504"}],"collection":[{"href":"https:\/\/amberdistribution.lv\/lv\/wp-json\/wp\/v2\/product"}],"about":[{"href":"https:\/\/amberdistribution.lv\/lv\/wp-json\/wp\/v2\/types\/product"}],"wp:featuredmedia":[{"embeddable":true,"href":"https:\/\/amberdistribution.lv\/lv\/wp-json\/wp\/v2\/media\/1418"}],"wp:attachment":[{"href":"https:\/\/amberdistribution.lv\/lv\/wp-json\/wp\/v2\/media?parent=1504"}],"wp:term":[{"taxonomy":"product_cat","embeddable":true,"href":"https:\/\/amberdistribution.lv\/lv\/wp-json\/wp\/v2\/product_cat?post=1504"},{"taxonomy":"product_tag","embeddable":true,"href":"https:\/\/amberdistribution.lv\/lv\/wp-json\/wp\/v2\/product_tag?post=1504"}],"curies":[{"name":"wp","href":"https:\/\/api.w.org\/{rel}","templated":true}]}}