{"id":1508,"date":"2022-03-25T08:21:11","date_gmt":"2022-03-25T08:21:11","guid":{"rendered":"https:\/\/amberdistribution.lv\/?post_type=product&#038;p=1508"},"modified":"2022-03-25T08:21:12","modified_gmt":"2022-03-25T08:21:12","slug":"arinzano-extra-virgin-olive-oil","status":"publish","type":"product","link":"https:\/\/amberdistribution.lv\/lv\/product\/arinzano-extra-virgin-olive-oil\/","title":{"rendered":"Arinzano Extra Virgin Olive oil"},"content":{"rendered":"<p>Extra Virgin ol\u012bve\u013c\u013ca no slaven\u0101\u00a0 Propiedad de Arinzano.\u00a0 Ol\u012bve\u013c\u013ca gatavota 100% no Arbequina \u0161\u0137irnes. Rakstur\u012bga\u00a0 pat\u012bkama, maiga un eleganta gar\u0161a ar viegl\u0101m mande\u013cu, gar\u0161vielu un za\u013co \u0101bolu un nogatavoju\u0161os ol\u012bvu not\u012bm.<\/p>\n<p>Ieteicams izmantot maig\u0101m marin\u0101d\u0113m, m\u0113rc\u0113m, kr\u0113miem, an\u0161oviem eti\u0137\u012b, marin\u0113tam lasim, j\u016bras vel\u0161u karpa\u010dio.<\/p>\n","protected":false},"excerpt":{"rendered":"<p>Extra Virgin ol\u012bve\u013c\u013ca no slaven\u0101\u00a0 Propiedad de Arinzano.\u00a0 Ol\u012bve\u013c\u013ca gatavota 100% no Arbequina \u0161\u0137irnes. Rakstur\u012bga\u00a0 pat\u012bkama, maiga un eleganta gar\u0161a ar viegl\u0101m mande\u013cu, gar\u0161vielu un za\u013co \u0101bolu un nogatavoju\u0161os ol\u012bvu...<\/p>\n","protected":false},"featured_media":1509,"template":"","meta":[],"product_cat":[455],"product_tag":[],"acf":[],"_links":{"self":[{"href":"https:\/\/amberdistribution.lv\/lv\/wp-json\/wp\/v2\/product\/1508"}],"collection":[{"href":"https:\/\/amberdistribution.lv\/lv\/wp-json\/wp\/v2\/product"}],"about":[{"href":"https:\/\/amberdistribution.lv\/lv\/wp-json\/wp\/v2\/types\/product"}],"wp:featuredmedia":[{"embeddable":true,"href":"https:\/\/amberdistribution.lv\/lv\/wp-json\/wp\/v2\/media\/1509"}],"wp:attachment":[{"href":"https:\/\/amberdistribution.lv\/lv\/wp-json\/wp\/v2\/media?parent=1508"}],"wp:term":[{"taxonomy":"product_cat","embeddable":true,"href":"https:\/\/amberdistribution.lv\/lv\/wp-json\/wp\/v2\/product_cat?post=1508"},{"taxonomy":"product_tag","embeddable":true,"href":"https:\/\/amberdistribution.lv\/lv\/wp-json\/wp\/v2\/product_tag?post=1508"}],"curies":[{"name":"wp","href":"https:\/\/api.w.org\/{rel}","templated":true}]}}