{"id":1609,"date":"2022-03-25T10:36:38","date_gmt":"2022-03-25T10:36:38","guid":{"rendered":"https:\/\/amberdistribution.lv\/?post_type=product&#038;p=1609"},"modified":"2022-05-03T07:44:35","modified_gmt":"2022-05-03T07:44:35","slug":"desperados-tekilas-alus","status":"publish","type":"product","link":"https:\/\/amberdistribution.lv\/lv\/product\/desperados-tekilas-alus\/","title":{"rendered":"Desperados Tekilas alus"},"content":{"rendered":"<p>Ori\u0123in\u0101lais Desperados alus ir pasaul\u0113 pirmais tekilas gar\u0161as alus. Lager alus kombin\u0101cija ar tekilas gar\u0161u, kas ir iepaidojis tradicion\u0101lo alus tirgu kop\u0161 pirm\u0101s dienas. Viegls un atsvaidzino\u0161s gar\u0161as profils, kas sabalans\u0113ts ar pikantumu un citrusa gar\u0161as not\u012bm saldumam. Ienesot tirg\u016b dualit\u0101ti starp sabiedriskumu, ko apz\u012bm\u0113 tradision\u0101lais alus un tekilas me\u017eon\u012bgumu, Desperados pied\u0101v\u0101 kaut ko negaid\u012btu.<\/p>\n","protected":false},"excerpt":{"rendered":"<p>Ori\u0123in\u0101lais Desperados alus ir pasaul\u0113 pirmais tekilas gar\u0161as alus. Lager alus kombin\u0101cija ar tekilas gar\u0161u, kas ir iepaidojis tradicion\u0101lo alus tirgu kop\u0161 pirm\u0101s dienas. Viegls un atsvaidzino\u0161s gar\u0161as profils, kas...<\/p>\n","protected":false},"featured_media":1562,"template":"","meta":[],"product_cat":[438,444],"product_tag":[],"acf":[],"_links":{"self":[{"href":"https:\/\/amberdistribution.lv\/lv\/wp-json\/wp\/v2\/product\/1609"}],"collection":[{"href":"https:\/\/amberdistribution.lv\/lv\/wp-json\/wp\/v2\/product"}],"about":[{"href":"https:\/\/amberdistribution.lv\/lv\/wp-json\/wp\/v2\/types\/product"}],"wp:featuredmedia":[{"embeddable":true,"href":"https:\/\/amberdistribution.lv\/lv\/wp-json\/wp\/v2\/media\/1562"}],"wp:attachment":[{"href":"https:\/\/amberdistribution.lv\/lv\/wp-json\/wp\/v2\/media?parent=1609"}],"wp:term":[{"taxonomy":"product_cat","embeddable":true,"href":"https:\/\/amberdistribution.lv\/lv\/wp-json\/wp\/v2\/product_cat?post=1609"},{"taxonomy":"product_tag","embeddable":true,"href":"https:\/\/amberdistribution.lv\/lv\/wp-json\/wp\/v2\/product_tag?post=1609"}],"curies":[{"name":"wp","href":"https:\/\/api.w.org\/{rel}","templated":true}]}}