{"id":1610,"date":"2022-03-25T10:40:32","date_gmt":"2022-03-25T10:40:32","guid":{"rendered":"https:\/\/amberdistribution.lv\/?post_type=product&#038;p=1610"},"modified":"2022-05-03T07:44:38","modified_gmt":"2022-05-03T07:44:38","slug":"agdams-aromatizetais","status":"publish","type":"product","link":"https:\/\/amberdistribution.lv\/lv\/product\/agdams-aromatizetais\/","title":{"rendered":"Agdams Aromatiz\u0113tais"},"content":{"rendered":"<p>Agdams - p\u0113c ori\u0123in\u0101las receptes gatavots stiprin\u0101tais v\u012bns, ko iecien\u012bju\u0161i daudzi stiprin\u0101to v\u012bnu cien\u012bt\u0101ji.<\/p>\n","protected":false},"excerpt":{"rendered":"<p>Agdams - p\u0113c ori\u0123in\u0101las receptes gatavots stiprin\u0101tais v\u012bns, ko iecien\u012bju\u0161i daudzi stiprin\u0101to v\u012bnu cien\u012bt\u0101ji.<\/p>\n","protected":false},"featured_media":1558,"template":"","meta":[],"product_cat":[438,445],"product_tag":[],"acf":[],"_links":{"self":[{"href":"https:\/\/amberdistribution.lv\/lv\/wp-json\/wp\/v2\/product\/1610"}],"collection":[{"href":"https:\/\/amberdistribution.lv\/lv\/wp-json\/wp\/v2\/product"}],"about":[{"href":"https:\/\/amberdistribution.lv\/lv\/wp-json\/wp\/v2\/types\/product"}],"wp:featuredmedia":[{"embeddable":true,"href":"https:\/\/amberdistribution.lv\/lv\/wp-json\/wp\/v2\/media\/1558"}],"wp:attachment":[{"href":"https:\/\/amberdistribution.lv\/lv\/wp-json\/wp\/v2\/media?parent=1610"}],"wp:term":[{"taxonomy":"product_cat","embeddable":true,"href":"https:\/\/amberdistribution.lv\/lv\/wp-json\/wp\/v2\/product_cat?post=1610"},{"taxonomy":"product_tag","embeddable":true,"href":"https:\/\/amberdistribution.lv\/lv\/wp-json\/wp\/v2\/product_tag?post=1610"}],"curies":[{"name":"wp","href":"https:\/\/api.w.org\/{rel}","templated":true}]}}