{"id":1651,"date":"2022-03-28T12:18:10","date_gmt":"2022-03-28T12:18:10","guid":{"rendered":"https:\/\/amberdistribution.lv\/?post_type=product&#038;p=1651"},"modified":"2023-01-11T08:40:54","modified_gmt":"2023-01-11T08:40:54","slug":"cross-keys-gin","status":"publish","type":"product","link":"https:\/\/amberdistribution.lv\/lv\/product\/cross-keys-gin\/","title":{"rendered":"Cross Keys Gin"},"content":{"rendered":"<p><strong>BALTIJAS GAR\u0160A<\/strong><\/p>\n<p>\u0100rk\u0101rt\u012bgi maig\u0101 CROSS KEYS GIN\u00ae gar\u0161a atsl\u0113dz durvis uz Latvijas un Baltijas vasaras efemero skaistumu. Atsl\u0113gas atv\u0113rs d\u017einam tradicion\u0101lo kadi\u0137a un rozmar\u012bna spriganumu kop\u0101 ar maigu kumel\u012b\u0161u, liepziedu un citu R\u012bgas Meln\u0101 Balzama\u00ae sast\u0101v\u0101 eso\u0161o augu piesk\u0101rienu.<\/p>\n<p><strong>CROSS KEYS UNIK\u0100LO AROM\u0100TU UN GAR\u0160U VEIDO SMALKI SABALANS\u0112TA GALVENO INGREDIENTU SASP\u0112LE:<\/strong><\/p>\n<p>KUMEL\u012aTE<\/p>\n<p>Labi paz\u012bstama ar sav\u0101m \u0101rstnieciskaj\u0101m un nomierino\u0161aj\u0101m \u012bpa\u0161\u012bb\u0101m, kumel\u012bte bag\u0101tina dz\u0113rienu ar radniec\u012bg\u0101m r\u016bgt\u0101m not\u012bm.<\/p>\n<p>LIEPZIEDI<\/p>\n<p>K\u0101 atg\u0101din\u0101jums par pag\u0101ju\u0161o vasaru \u2013 viena no m\u016bsu re\u0123iona iecien\u012bt\u0101kaj\u0101m t\u0113j\u0101m. Saldas medus notis un sildo\u0161a \u012bpa\u0161\u012bba.<\/p>\n<p>ROZMAR\u012aNS<\/p>\n<p>\u0160is Vidusj\u016bras re\u0123iona gar\u0161augs eleganti papildina tradicion\u0101lo kadi\u0137ogu gar\u0161u, piedodot liegu niansi un balansu.<\/p>\n<p>KADI\u0136IS<\/p>\n<p>Kadi\u0137a, t\u0101 ogas specifiskais arom\u0101ts ir d\u017eina pamatgar\u0161a.<\/p>\n","protected":false},"excerpt":{"rendered":"<p>BALTIJAS GAR\u0160A \u0100rk\u0101rt\u012bgi maig\u0101 CROSS KEYS GIN\u00ae gar\u0161a atsl\u0113dz durvis uz Latvijas un Baltijas vasaras efemero skaistumu. Atsl\u0113gas atv\u0113rs d\u017einam tradicion\u0101lo kadi\u0137a un rozmar\u012bna spriganumu kop\u0101 ar maigu kumel\u012b\u0161u, liepziedu...<\/p>\n","protected":false},"featured_media":4912,"template":"","meta":[],"product_cat":[415],"product_tag":[],"acf":[],"_links":{"self":[{"href":"https:\/\/amberdistribution.lv\/lv\/wp-json\/wp\/v2\/product\/1651"}],"collection":[{"href":"https:\/\/amberdistribution.lv\/lv\/wp-json\/wp\/v2\/product"}],"about":[{"href":"https:\/\/amberdistribution.lv\/lv\/wp-json\/wp\/v2\/types\/product"}],"wp:featuredmedia":[{"embeddable":true,"href":"https:\/\/amberdistribution.lv\/lv\/wp-json\/wp\/v2\/media\/4912"}],"wp:attachment":[{"href":"https:\/\/amberdistribution.lv\/lv\/wp-json\/wp\/v2\/media?parent=1651"}],"wp:term":[{"taxonomy":"product_cat","embeddable":true,"href":"https:\/\/amberdistribution.lv\/lv\/wp-json\/wp\/v2\/product_cat?post=1651"},{"taxonomy":"product_tag","embeddable":true,"href":"https:\/\/amberdistribution.lv\/lv\/wp-json\/wp\/v2\/product_tag?post=1651"}],"curies":[{"name":"wp","href":"https:\/\/api.w.org\/{rel}","templated":true}]}}