{"id":1705,"date":"2022-03-28T13:04:27","date_gmt":"2022-03-28T13:04:27","guid":{"rendered":"https:\/\/amberdistribution.lv\/?post_type=product&#038;p=1705"},"modified":"2022-05-03T07:24:54","modified_gmt":"2022-05-03T07:24:54","slug":"lb-gin","status":"publish","type":"product","link":"https:\/\/amberdistribution.lv\/lv\/product\/lb-gin\/","title":{"rendered":"LB GIN"},"content":{"rendered":"<p>Augstas kvalit\u0101tes d\u017eins ar izteiktu kadi\u0137ogu gar\u0161u un smar\u017eu. Ieteicams pasniegt atv\u0113sin\u0101tu t\u012br\u0101 veid\u0101 vai kop\u0101 ar toniku, k\u0101 ar\u012b izmantot da\u017e\u0101du koktei\u013cu pagatavo\u0161an\u0101. Tirgus l\u012bderis d\u017eina kategorij\u0101 Latvij\u0101.<\/p>\n","protected":false},"excerpt":{"rendered":"<p>Augstas kvalit\u0101tes d\u017eins ar izteiktu kadi\u0137ogu gar\u0161u un smar\u017eu. Ieteicams pasniegt atv\u0113sin\u0101tu t\u012br\u0101 veid\u0101 vai kop\u0101 ar toniku, k\u0101 ar\u012b izmantot da\u017e\u0101du koktei\u013cu pagatavo\u0161an\u0101. Tirgus l\u012bderis d\u017eina kategorij\u0101 Latvij\u0101.<\/p>\n","protected":false},"featured_media":1706,"template":"","meta":[],"product_cat":[415],"product_tag":[],"acf":[],"_links":{"self":[{"href":"https:\/\/amberdistribution.lv\/lv\/wp-json\/wp\/v2\/product\/1705"}],"collection":[{"href":"https:\/\/amberdistribution.lv\/lv\/wp-json\/wp\/v2\/product"}],"about":[{"href":"https:\/\/amberdistribution.lv\/lv\/wp-json\/wp\/v2\/types\/product"}],"wp:featuredmedia":[{"embeddable":true,"href":"https:\/\/amberdistribution.lv\/lv\/wp-json\/wp\/v2\/media\/1706"}],"wp:attachment":[{"href":"https:\/\/amberdistribution.lv\/lv\/wp-json\/wp\/v2\/media?parent=1705"}],"wp:term":[{"taxonomy":"product_cat","embeddable":true,"href":"https:\/\/amberdistribution.lv\/lv\/wp-json\/wp\/v2\/product_cat?post=1705"},{"taxonomy":"product_tag","embeddable":true,"href":"https:\/\/amberdistribution.lv\/lv\/wp-json\/wp\/v2\/product_tag?post=1705"}],"curies":[{"name":"wp","href":"https:\/\/api.w.org\/{rel}","templated":true}]}}