{"id":1746,"date":"2022-03-29T07:06:11","date_gmt":"2022-03-29T07:06:11","guid":{"rendered":"https:\/\/amberdistribution.lv\/?post_type=product&#038;p=1746"},"modified":"2022-03-29T07:06:11","modified_gmt":"2022-03-29T07:06:11","slug":"cenote-anejo","status":"publish","type":"product","link":"https:\/\/amberdistribution.lv\/lv\/product\/cenote-anejo\/","title":{"rendered":"Cenote A\u00f1ejo"},"content":{"rendered":"<p>Bag\u0101t\u012bga dzintara kr\u0101sa pamat\u012bgi iez\u012bm\u0113jas ar nospiedumiem uz gl\u0101zes. Cenote\u00ae Anejo ir notur\u0113ta 1 gadu Amerikas ozolkoka muc\u0101s. \u0160is izsmalcin\u0101tais dz\u0113riens atrod neatk\u0101rtojamu Jukatanas pussalas gar\u0161u l\u012bdzsvaru, pateicoties dedzin\u0101ta koka arom\u0101tam un vani\u013cas, pikantuma un \u0161okol\u0101des gar\u0161as not\u012bm.<\/p>\n","protected":false},"excerpt":{"rendered":"<p>Bag\u0101t\u012bga dzintara kr\u0101sa pamat\u012bgi iez\u012bm\u0113jas ar nospiedumiem uz gl\u0101zes. Cenote\u00ae Anejo ir notur\u0113ta 1 gadu Amerikas ozolkoka muc\u0101s. \u0160is izsmalcin\u0101tais dz\u0113riens atrod neatk\u0101rtojamu Jukatanas pussalas gar\u0161u l\u012bdzsvaru, pateicoties dedzin\u0101ta koka...<\/p>\n","protected":false},"featured_media":1749,"template":"","meta":[],"product_cat":[413],"product_tag":[],"acf":[],"_links":{"self":[{"href":"https:\/\/amberdistribution.lv\/lv\/wp-json\/wp\/v2\/product\/1746"}],"collection":[{"href":"https:\/\/amberdistribution.lv\/lv\/wp-json\/wp\/v2\/product"}],"about":[{"href":"https:\/\/amberdistribution.lv\/lv\/wp-json\/wp\/v2\/types\/product"}],"wp:featuredmedia":[{"embeddable":true,"href":"https:\/\/amberdistribution.lv\/lv\/wp-json\/wp\/v2\/media\/1749"}],"wp:attachment":[{"href":"https:\/\/amberdistribution.lv\/lv\/wp-json\/wp\/v2\/media?parent=1746"}],"wp:term":[{"taxonomy":"product_cat","embeddable":true,"href":"https:\/\/amberdistribution.lv\/lv\/wp-json\/wp\/v2\/product_cat?post=1746"},{"taxonomy":"product_tag","embeddable":true,"href":"https:\/\/amberdistribution.lv\/lv\/wp-json\/wp\/v2\/product_tag?post=1746"}],"curies":[{"name":"wp","href":"https:\/\/api.w.org\/{rel}","templated":true}]}}