{"id":1760,"date":"2022-03-29T07:10:06","date_gmt":"2022-03-29T07:10:06","guid":{"rendered":"https:\/\/amberdistribution.lv\/?post_type=product&#038;p=1760"},"modified":"2022-03-29T07:10:06","modified_gmt":"2022-03-29T07:10:06","slug":"cenote-blanco","status":"publish","type":"product","link":"https:\/\/amberdistribution.lv\/lv\/product\/cenote-blanco\/","title":{"rendered":"Cenote Blanco"},"content":{"rendered":"<p>Krist\u0101ldzidras kr\u0101sas Cenote Blanco tekila iek\u013cauj sev\u012b spilgtas citrusaug\u013cu un piparu notis. Palieko\u0161a un bag\u0101t\u012bga ceptas agaves, pikantuma, k\u0101 ar\u012b maiga koka un za\u013co d\u0101rze\u0146u gar\u0161a tiek rad\u012bta, noturot tekilu Amerikas ozolkoka muc\u0101s tr\u012bs ned\u0113\u013cas.<\/p>\n","protected":false},"excerpt":{"rendered":"<p>Krist\u0101ldzidras kr\u0101sas Cenote Blanco tekila iek\u013cauj sev\u012b spilgtas citrusaug\u013cu un piparu notis. Palieko\u0161a un bag\u0101t\u012bga ceptas agaves, pikantuma, k\u0101 ar\u012b maiga koka un za\u013co d\u0101rze\u0146u gar\u0161a tiek rad\u012bta, noturot tekilu...<\/p>\n","protected":false},"featured_media":1753,"template":"","meta":[],"product_cat":[413],"product_tag":[],"acf":[],"_links":{"self":[{"href":"https:\/\/amberdistribution.lv\/lv\/wp-json\/wp\/v2\/product\/1760"}],"collection":[{"href":"https:\/\/amberdistribution.lv\/lv\/wp-json\/wp\/v2\/product"}],"about":[{"href":"https:\/\/amberdistribution.lv\/lv\/wp-json\/wp\/v2\/types\/product"}],"wp:featuredmedia":[{"embeddable":true,"href":"https:\/\/amberdistribution.lv\/lv\/wp-json\/wp\/v2\/media\/1753"}],"wp:attachment":[{"href":"https:\/\/amberdistribution.lv\/lv\/wp-json\/wp\/v2\/media?parent=1760"}],"wp:term":[{"taxonomy":"product_cat","embeddable":true,"href":"https:\/\/amberdistribution.lv\/lv\/wp-json\/wp\/v2\/product_cat?post=1760"},{"taxonomy":"product_tag","embeddable":true,"href":"https:\/\/amberdistribution.lv\/lv\/wp-json\/wp\/v2\/product_tag?post=1760"}],"curies":[{"name":"wp","href":"https:\/\/api.w.org\/{rel}","templated":true}]}}