{"id":1762,"date":"2022-03-29T07:13:34","date_gmt":"2022-03-29T07:13:34","guid":{"rendered":"https:\/\/amberdistribution.lv\/?post_type=product&#038;p=1762"},"modified":"2022-03-29T07:16:11","modified_gmt":"2022-03-29T07:16:11","slug":"cenote-reposado","status":"publish","type":"product","link":"https:\/\/amberdistribution.lv\/lv\/product\/cenote-reposado\/","title":{"rendered":"Cenote Reposado"},"content":{"rendered":"<p>Raksturo zeltaina salmu kr\u0101sa apvienojum\u0101 ar vani\u013cas un koka arom\u0101tu. Cenote\u00ae Reposado Amerikas ozolkoka muc\u0101s tiek notur\u0113ta tr\u012bs m\u0113ne\u0161us, kas \u013cauj nodro\u0161in\u0101t harmonisku vani\u013cas, koka un pikantuma bu\u0137eti.<\/p>\n","protected":false},"excerpt":{"rendered":"<p>Raksturo zeltaina salmu kr\u0101sa apvienojum\u0101 ar vani\u013cas un koka arom\u0101tu. Cenote\u00ae Reposado Amerikas ozolkoka muc\u0101s tiek notur\u0113ta tr\u012bs m\u0113ne\u0161us, kas \u013cauj nodro\u0161in\u0101t harmonisku vani\u013cas, koka un pikantuma bu\u0137eti.<\/p>\n","protected":false},"featured_media":1757,"template":"","meta":[],"product_cat":[413],"product_tag":[],"acf":[],"_links":{"self":[{"href":"https:\/\/amberdistribution.lv\/lv\/wp-json\/wp\/v2\/product\/1762"}],"collection":[{"href":"https:\/\/amberdistribution.lv\/lv\/wp-json\/wp\/v2\/product"}],"about":[{"href":"https:\/\/amberdistribution.lv\/lv\/wp-json\/wp\/v2\/types\/product"}],"wp:featuredmedia":[{"embeddable":true,"href":"https:\/\/amberdistribution.lv\/lv\/wp-json\/wp\/v2\/media\/1757"}],"wp:attachment":[{"href":"https:\/\/amberdistribution.lv\/lv\/wp-json\/wp\/v2\/media?parent=1762"}],"wp:term":[{"taxonomy":"product_cat","embeddable":true,"href":"https:\/\/amberdistribution.lv\/lv\/wp-json\/wp\/v2\/product_cat?post=1762"},{"taxonomy":"product_tag","embeddable":true,"href":"https:\/\/amberdistribution.lv\/lv\/wp-json\/wp\/v2\/product_tag?post=1762"}],"curies":[{"name":"wp","href":"https:\/\/api.w.org\/{rel}","templated":true}]}}