{"id":1764,"date":"2022-03-29T07:28:40","date_gmt":"2022-03-29T07:28:40","guid":{"rendered":"https:\/\/amberdistribution.lv\/?post_type=product&#038;p=1764"},"modified":"2022-03-29T07:28:40","modified_gmt":"2022-03-29T07:28:40","slug":"kah-tequila-anejo-agave","status":"publish","type":"product","link":"https:\/\/amberdistribution.lv\/lv\/product\/kah-tequila-anejo-agave\/","title":{"rendered":"Kah Tequila Anejo Agave"},"content":{"rendered":"<p>KAH Tequila Anejo 2 gadus iztur\u0113ta amerik\u0101\u0146u ozolkoka muc\u0101s KAH Tequila A\u00f1ejo at\u0161\u0137iras no p\u0101r\u0113j\u0101m tekil\u0101m ar savu \u012bpa\u0161i sp\u0113c\u012bgo agaves raksturu, kur\u0101 j\u016btamas \u0161okol\u0101des, tabakas un kafijas nianses. \u0160is melnbaltais keramiskais galvaskauss ir gatavots p\u0113c Nikaragvas \u00abMiru\u0161o dienas\u00bb trad\u012bcij\u0101m, godinot miru\u0161os.<\/p>\n","protected":false},"excerpt":{"rendered":"<p>KAH Tequila Anejo 2 gadus iztur\u0113ta amerik\u0101\u0146u ozolkoka muc\u0101s KAH Tequila A\u00f1ejo at\u0161\u0137iras no p\u0101r\u0113j\u0101m tekil\u0101m ar savu \u012bpa\u0161i sp\u0113c\u012bgo agaves raksturu, kur\u0101 j\u016btamas \u0161okol\u0101des, tabakas un kafijas nianses. \u0160is...<\/p>\n","protected":false},"featured_media":1771,"template":"","meta":[],"product_cat":[413],"product_tag":[],"acf":[],"_links":{"self":[{"href":"https:\/\/amberdistribution.lv\/lv\/wp-json\/wp\/v2\/product\/1764"}],"collection":[{"href":"https:\/\/amberdistribution.lv\/lv\/wp-json\/wp\/v2\/product"}],"about":[{"href":"https:\/\/amberdistribution.lv\/lv\/wp-json\/wp\/v2\/types\/product"}],"wp:featuredmedia":[{"embeddable":true,"href":"https:\/\/amberdistribution.lv\/lv\/wp-json\/wp\/v2\/media\/1771"}],"wp:attachment":[{"href":"https:\/\/amberdistribution.lv\/lv\/wp-json\/wp\/v2\/media?parent=1764"}],"wp:term":[{"taxonomy":"product_cat","embeddable":true,"href":"https:\/\/amberdistribution.lv\/lv\/wp-json\/wp\/v2\/product_cat?post=1764"},{"taxonomy":"product_tag","embeddable":true,"href":"https:\/\/amberdistribution.lv\/lv\/wp-json\/wp\/v2\/product_tag?post=1764"}],"curies":[{"name":"wp","href":"https:\/\/api.w.org\/{rel}","templated":true}]}}