{"id":1779,"date":"2022-03-29T07:31:10","date_gmt":"2022-03-29T07:31:10","guid":{"rendered":"https:\/\/amberdistribution.lv\/?post_type=product&#038;p=1779"},"modified":"2022-03-29T07:31:10","modified_gmt":"2022-03-29T07:31:10","slug":"kah-tequila-blanco-agave","status":"publish","type":"product","link":"https:\/\/amberdistribution.lv\/lv\/product\/kah-tequila-blanco-agave\/","title":{"rendered":"Kah Tequila Blanco Agave"},"content":{"rendered":"<p>Tekila KAH Tequila Blanco s\u0101kotn\u0113ji \u0161\u0137iet salda, bet t\u016bl\u012bt tai seko balto piparu asumi\u0146\u0161. Tekila ir maiga un delik\u0101ta, p\u0113cgar\u0161\u0101 ir da\u017e\u0101du gar\u0161vielu notis.<br \/>\n\u0160is baltais keramiskais galvaskauss ir izveidots p\u0113c tradicion\u0101l\u0101 \u00abCalavera\u00bb - cukura galvaskausa parauga, kuru izmanto \u00abMiru\u0161o dienas\u00bb ritu\u0101los.<\/p>\n","protected":false},"excerpt":{"rendered":"<p>Tekila KAH Tequila Blanco s\u0101kotn\u0113ji \u0161\u0137iet salda, bet t\u016bl\u012bt tai seko balto piparu asumi\u0146\u0161. Tekila ir maiga un delik\u0101ta, p\u0113cgar\u0161\u0101 ir da\u017e\u0101du gar\u0161vielu notis. \u0160is baltais keramiskais galvaskauss ir izveidots...<\/p>\n","protected":false},"featured_media":1775,"template":"","meta":[],"product_cat":[413],"product_tag":[],"acf":[],"_links":{"self":[{"href":"https:\/\/amberdistribution.lv\/lv\/wp-json\/wp\/v2\/product\/1779"}],"collection":[{"href":"https:\/\/amberdistribution.lv\/lv\/wp-json\/wp\/v2\/product"}],"about":[{"href":"https:\/\/amberdistribution.lv\/lv\/wp-json\/wp\/v2\/types\/product"}],"wp:featuredmedia":[{"embeddable":true,"href":"https:\/\/amberdistribution.lv\/lv\/wp-json\/wp\/v2\/media\/1775"}],"wp:attachment":[{"href":"https:\/\/amberdistribution.lv\/lv\/wp-json\/wp\/v2\/media?parent=1779"}],"wp:term":[{"taxonomy":"product_cat","embeddable":true,"href":"https:\/\/amberdistribution.lv\/lv\/wp-json\/wp\/v2\/product_cat?post=1779"},{"taxonomy":"product_tag","embeddable":true,"href":"https:\/\/amberdistribution.lv\/lv\/wp-json\/wp\/v2\/product_tag?post=1779"}],"curies":[{"name":"wp","href":"https:\/\/api.w.org\/{rel}","templated":true}]}}