{"id":1783,"date":"2022-03-29T07:34:59","date_gmt":"2022-03-29T07:34:59","guid":{"rendered":"https:\/\/amberdistribution.lv\/?post_type=product&#038;p=1783"},"modified":"2023-01-13T10:48:35","modified_gmt":"2023-01-13T10:48:35","slug":"kah-tequila-reposado-agave-2","status":"publish","type":"product","link":"https:\/\/amberdistribution.lv\/lv\/product\/kah-tequila-reposado-agave-2\/","title":{"rendered":"Kah Tequila Reposado Agave"},"content":{"rendered":"<p>KAH Tequila Reposado ir 10 m\u0113ne\u0161us iztur\u0113ta fran\u010du ozolkoka muc\u0101s, kas piedod tekilai maigas vani\u013cas un karame\u013cu notis, kuras labi sader ar intens\u012bvo agaves niansi. T\u0101 ir sp\u0113c\u012bga un viskoza un t\u0101s arom\u0101t\u0101 var just pat\u012bkamas sviesta, vani\u013cas un kan\u0113\u013ca nianses.<br \/>\nUz sarkandzelten\u0101 keramisk\u0101 galvaskausa ir att\u0113lots pats nelabais.<\/p>\n","protected":false},"excerpt":{"rendered":"<p>KAH Tequila Reposado ir 10 m\u0113ne\u0161us iztur\u0113ta fran\u010du ozolkoka muc\u0101s, kas piedod tekilai maigas vani\u013cas un karame\u013cu notis, kuras labi sader ar intens\u012bvo agaves niansi. T\u0101 ir sp\u0113c\u012bga un viskoza...<\/p>\n","protected":false},"featured_media":1777,"template":"","meta":[],"product_cat":[413],"product_tag":[],"acf":[],"_links":{"self":[{"href":"https:\/\/amberdistribution.lv\/lv\/wp-json\/wp\/v2\/product\/1783"}],"collection":[{"href":"https:\/\/amberdistribution.lv\/lv\/wp-json\/wp\/v2\/product"}],"about":[{"href":"https:\/\/amberdistribution.lv\/lv\/wp-json\/wp\/v2\/types\/product"}],"wp:featuredmedia":[{"embeddable":true,"href":"https:\/\/amberdistribution.lv\/lv\/wp-json\/wp\/v2\/media\/1777"}],"wp:attachment":[{"href":"https:\/\/amberdistribution.lv\/lv\/wp-json\/wp\/v2\/media?parent=1783"}],"wp:term":[{"taxonomy":"product_cat","embeddable":true,"href":"https:\/\/amberdistribution.lv\/lv\/wp-json\/wp\/v2\/product_cat?post=1783"},{"taxonomy":"product_tag","embeddable":true,"href":"https:\/\/amberdistribution.lv\/lv\/wp-json\/wp\/v2\/product_tag?post=1783"}],"curies":[{"name":"wp","href":"https:\/\/api.w.org\/{rel}","templated":true}]}}