{"id":1784,"date":"2022-03-29T07:42:10","date_gmt":"2022-03-29T07:42:10","guid":{"rendered":"https:\/\/amberdistribution.lv\/?post_type=product&#038;p=1784"},"modified":"2022-03-29T07:42:11","modified_gmt":"2022-03-29T07:42:11","slug":"se-busca-mezcal-madrecuishe","status":"publish","type":"product","link":"https:\/\/amberdistribution.lv\/lv\/product\/se-busca-mezcal-madrecuishe\/","title":{"rendered":"Se Busca Mezcal Madrecuishe"},"content":{"rendered":"<p>L\u012bdzsvarojot bag\u0101t\u012bgu agaves un d\u016bmakainuma arom\u0101tu, \u0161is meskals iemieso sievie\u0161u dumpiniecisko garu Meksikas revol\u016bcijas laik\u0101, izpelnoties titulu \u201cSe Busca\u201d (\u201cMekl\u0113\u0161an\u0101\u201d). Gar\u0161as unikalit\u0101ti dz\u0113rienam pie\u0161\u0137ir ra\u017eo\u0161anas proces\u0101 izmantot\u0101 12 gadus veca Madrecuiche agave.<\/p>\n","protected":false},"excerpt":{"rendered":"<p>L\u012bdzsvarojot bag\u0101t\u012bgu agaves un d\u016bmakainuma arom\u0101tu, \u0161is meskals iemieso sievie\u0161u dumpiniecisko garu Meksikas revol\u016bcijas laik\u0101, izpelnoties titulu \u201cSe Busca\u201d (\u201cMekl\u0113\u0161an\u0101\u201d). Gar\u0161as unikalit\u0101ti dz\u0113rienam pie\u0161\u0137ir ra\u017eo\u0161anas proces\u0101 izmantot\u0101 12 gadus veca...<\/p>\n","protected":false},"featured_media":1785,"template":"","meta":[],"product_cat":[413],"product_tag":[],"acf":[],"_links":{"self":[{"href":"https:\/\/amberdistribution.lv\/lv\/wp-json\/wp\/v2\/product\/1784"}],"collection":[{"href":"https:\/\/amberdistribution.lv\/lv\/wp-json\/wp\/v2\/product"}],"about":[{"href":"https:\/\/amberdistribution.lv\/lv\/wp-json\/wp\/v2\/types\/product"}],"wp:featuredmedia":[{"embeddable":true,"href":"https:\/\/amberdistribution.lv\/lv\/wp-json\/wp\/v2\/media\/1785"}],"wp:attachment":[{"href":"https:\/\/amberdistribution.lv\/lv\/wp-json\/wp\/v2\/media?parent=1784"}],"wp:term":[{"taxonomy":"product_cat","embeddable":true,"href":"https:\/\/amberdistribution.lv\/lv\/wp-json\/wp\/v2\/product_cat?post=1784"},{"taxonomy":"product_tag","embeddable":true,"href":"https:\/\/amberdistribution.lv\/lv\/wp-json\/wp\/v2\/product_tag?post=1784"}],"curies":[{"name":"wp","href":"https:\/\/api.w.org\/{rel}","templated":true}]}}