{"id":1797,"date":"2022-03-29T07:54:53","date_gmt":"2022-03-29T07:54:53","guid":{"rendered":"https:\/\/amberdistribution.lv\/?post_type=product&#038;p=1797"},"modified":"2022-03-29T07:54:53","modified_gmt":"2022-03-29T07:54:53","slug":"se-busca-reposado-mezcal","status":"publish","type":"product","link":"https:\/\/amberdistribution.lv\/lv\/product\/se-busca-reposado-mezcal\/","title":{"rendered":"Se Busca Reposado Mezcal"},"content":{"rendered":"<p>L\u012bdzsvarojot bag\u0101t\u012bgu agaves un d\u016bmakainuma arom\u0101tu, \u0161is meskals iemieso sievie\u0161u dumpiniecisko garu Meksikas revol\u016bcijas laik\u0101, izpelnoties titulu \u201cSe Busca\u201d (\u201cMekl\u0113\u0161an\u0101\u201d). Izcelsmes vieta \u2014 Oahaka, Meksika. Notur\u0113ts 10 m\u0113ne\u0161us ozolkoka muc\u0101s. 100% Agave angustifolia.<\/p>\n","protected":false},"excerpt":{"rendered":"<p>L\u012bdzsvarojot bag\u0101t\u012bgu agaves un d\u016bmakainuma arom\u0101tu, \u0161is meskals iemieso sievie\u0161u dumpiniecisko garu Meksikas revol\u016bcijas laik\u0101, izpelnoties titulu \u201cSe Busca\u201d (\u201cMekl\u0113\u0161an\u0101\u201d). Izcelsmes vieta \u2014 Oahaka, Meksika. Notur\u0113ts 10 m\u0113ne\u0161us ozolkoka muc\u0101s....<\/p>\n","protected":false},"featured_media":1791,"template":"","meta":[],"product_cat":[413],"product_tag":[],"acf":[],"_links":{"self":[{"href":"https:\/\/amberdistribution.lv\/lv\/wp-json\/wp\/v2\/product\/1797"}],"collection":[{"href":"https:\/\/amberdistribution.lv\/lv\/wp-json\/wp\/v2\/product"}],"about":[{"href":"https:\/\/amberdistribution.lv\/lv\/wp-json\/wp\/v2\/types\/product"}],"wp:featuredmedia":[{"embeddable":true,"href":"https:\/\/amberdistribution.lv\/lv\/wp-json\/wp\/v2\/media\/1791"}],"wp:attachment":[{"href":"https:\/\/amberdistribution.lv\/lv\/wp-json\/wp\/v2\/media?parent=1797"}],"wp:term":[{"taxonomy":"product_cat","embeddable":true,"href":"https:\/\/amberdistribution.lv\/lv\/wp-json\/wp\/v2\/product_cat?post=1797"},{"taxonomy":"product_tag","embeddable":true,"href":"https:\/\/amberdistribution.lv\/lv\/wp-json\/wp\/v2\/product_tag?post=1797"}],"curies":[{"name":"wp","href":"https:\/\/api.w.org\/{rel}","templated":true}]}}