{"id":1808,"date":"2022-03-29T08:06:14","date_gmt":"2022-03-29T08:06:14","guid":{"rendered":"https:\/\/amberdistribution.lv\/?post_type=product&#038;p=1808"},"modified":"2022-03-29T08:06:14","modified_gmt":"2022-03-29T08:06:14","slug":"rooster-rojo-reposado","status":"publish","type":"product","link":"https:\/\/amberdistribution.lv\/lv\/product\/rooster-rojo-reposado\/","title":{"rendered":"Rooster Rojo Reposado"},"content":{"rendered":"<p style=\"text-align: justify;\">Rooster Rojo ir izcili maiga tekila. T\u0101s ra\u017eo\u0161an\u0101 tiek izmantotas tikai visaugst\u0101k\u0101s kvalit\u0101tes izejvielas un lab\u0101k\u0101s ra\u017eo\u0161anas metodes, kas saglab\u0101 lielisko agaves dab\u012bgo gar\u0161u.<\/p>\n<p style=\"text-align: justify;\">Tekila tiek r\u016bp\u012bgi gatavota, balstoties uz lab\u0101kaj\u0101m ra\u017eo\u0161anas trad\u012bcij\u0101m, izmantojot 100% zil\u0101s agaves sulu, ko nov\u0113rt\u0113s ikviens tekilas cien\u012bt\u0101js.<\/p>\n<p style=\"text-align: justify;\">Produkta iepakojums ir tradicion\u0101ls un vienlaikus nel\u012bdzin\u0101s nevienai citai \u0161obr\u012bd tirg\u016b pied\u0101v\u0101tajai tekilai.<\/p>\n<p style=\"text-align: justify;\">Z\u012bmola simbols \u2013 sarkanais gailis, kam Meksik\u0101 tiek pied\u0113v\u0113ta \u012bpa\u0161a noz\u012bme. Tas ir saules simbols, da\u013ca no nacion\u0101l\u0101s identit\u0101tes, kas past\u0101v\u0113jusi Meksik\u0101\u0146u kult\u016br\u0101 jau simtiem gadu.<\/p>\n<p style=\"text-align: justify;\">Rooster Rojo\u00ae Reposado ir iztur\u0113ta ozolkoka muc\u0101s vair\u0101k nek\u0101 2 m\u0113ne\u0161us.<\/p>\n","protected":false},"excerpt":{"rendered":"<p>Rooster Rojo ir izcili maiga tekila. T\u0101s ra\u017eo\u0161an\u0101 tiek izmantotas tikai visaugst\u0101k\u0101s kvalit\u0101tes izejvielas un lab\u0101k\u0101s ra\u017eo\u0161anas metodes, kas saglab\u0101 lielisko agaves dab\u012bgo gar\u0161u. Tekila tiek r\u016bp\u012bgi gatavota, balstoties uz...<\/p>\n","protected":false},"featured_media":1805,"template":"","meta":[],"product_cat":[413],"product_tag":[],"acf":[],"_links":{"self":[{"href":"https:\/\/amberdistribution.lv\/lv\/wp-json\/wp\/v2\/product\/1808"}],"collection":[{"href":"https:\/\/amberdistribution.lv\/lv\/wp-json\/wp\/v2\/product"}],"about":[{"href":"https:\/\/amberdistribution.lv\/lv\/wp-json\/wp\/v2\/types\/product"}],"wp:featuredmedia":[{"embeddable":true,"href":"https:\/\/amberdistribution.lv\/lv\/wp-json\/wp\/v2\/media\/1805"}],"wp:attachment":[{"href":"https:\/\/amberdistribution.lv\/lv\/wp-json\/wp\/v2\/media?parent=1808"}],"wp:term":[{"taxonomy":"product_cat","embeddable":true,"href":"https:\/\/amberdistribution.lv\/lv\/wp-json\/wp\/v2\/product_cat?post=1808"},{"taxonomy":"product_tag","embeddable":true,"href":"https:\/\/amberdistribution.lv\/lv\/wp-json\/wp\/v2\/product_tag?post=1808"}],"curies":[{"name":"wp","href":"https:\/\/api.w.org\/{rel}","templated":true}]}}