{"id":1832,"date":"2022-03-29T11:54:48","date_gmt":"2022-03-29T11:54:48","guid":{"rendered":"https:\/\/amberdistribution.lv\/?post_type=product&#038;p=1832"},"modified":"2025-04-17T06:29:57","modified_gmt":"2025-04-17T06:29:57","slug":"barbuda-rum-black","status":"publish","type":"product","link":"https:\/\/amberdistribution.lv\/lv\/product\/barbuda-rum-black\/","title":{"rendered":"Barbuda Rum Black"},"content":{"rendered":"<p>Barbuda ir neliela Kar\u012bbu re\u0123iona sala, kas ietilpst neatkar\u012bgas Britu sadraudz\u012bbas valsts Barbuda un Antigva sast\u0101v\u0101. \u0160\u012bs salas atrodas starp Kar\u012bbu j\u016bru un Atlantijas oke\u0101nu un ir eksotisks un grezns Kar\u012bbu re\u0123iona galam\u0113r\u0137is ar bag\u0101t\u012bgu v\u0113sturi un dzimtene izciliem rumiem. Ruma ra\u017eo\u0161anas v\u0113sture \u0161aj\u0101 re\u0123ion\u0101 aizs\u0101k\u0101s 17. gadsimta beig\u0101s, kad sal\u0101s pirmo reizi tika ievestas cukurniedres. T\u0101s \u0101tri k\u013cuva par galveno kult\u016braugu, ko s\u0101ka ra\u017eot plant\u0101cij\u0101s. Cukura blakusprodukti, piem\u0113ram, melase vai cukurniedru sula ir prim\u0101r\u0101s sast\u0101vda\u013cas ruma ra\u017eo\u0161an\u0101 ferment\u0101cijas un destil\u0101cijas proces\u0101. Tad destil\u0101ts, dzidrs \u0161\u0137idrums, tiek iztur\u0113ts ozolkoka muc\u0101s, t\u0101d\u0113j\u0101di izveidojot Kar\u012bbu j\u016bras re\u0123ionam vis\u0101 pasaul\u0113 paz\u012bstamo rumu.<\/p>\n<p>BARBUDA RUM \u2013 izcils rums no Kar\u012bbu salu re\u0123iona, kas pild\u012bts AS \u201cRemedia\u201d, Igaunij\u0101. Pieejams gan gai\u0161ais, gan tum\u0161ais.<\/p>\n","protected":false},"excerpt":{"rendered":"<p>Barbuda ir neliela Kar\u012bbu re\u0123iona sala, kas ietilpst neatkar\u012bgas Britu sadraudz\u012bbas valsts Barbuda un Antigva sast\u0101v\u0101. \u0160\u012bs salas atrodas starp Kar\u012bbu j\u016bru un Atlantijas oke\u0101nu un ir eksotisks un grezns...<\/p>\n","protected":false},"featured_media":1816,"template":"","meta":[],"product_cat":[414],"product_tag":[],"acf":[],"_links":{"self":[{"href":"https:\/\/amberdistribution.lv\/lv\/wp-json\/wp\/v2\/product\/1832"}],"collection":[{"href":"https:\/\/amberdistribution.lv\/lv\/wp-json\/wp\/v2\/product"}],"about":[{"href":"https:\/\/amberdistribution.lv\/lv\/wp-json\/wp\/v2\/types\/product"}],"wp:featuredmedia":[{"embeddable":true,"href":"https:\/\/amberdistribution.lv\/lv\/wp-json\/wp\/v2\/media\/1816"}],"wp:attachment":[{"href":"https:\/\/amberdistribution.lv\/lv\/wp-json\/wp\/v2\/media?parent=1832"}],"wp:term":[{"taxonomy":"product_cat","embeddable":true,"href":"https:\/\/amberdistribution.lv\/lv\/wp-json\/wp\/v2\/product_cat?post=1832"},{"taxonomy":"product_tag","embeddable":true,"href":"https:\/\/amberdistribution.lv\/lv\/wp-json\/wp\/v2\/product_tag?post=1832"}],"curies":[{"name":"wp","href":"https:\/\/api.w.org\/{rel}","templated":true}]}}