{"id":1835,"date":"2022-03-29T12:00:48","date_gmt":"2022-03-29T12:00:48","guid":{"rendered":"https:\/\/amberdistribution.lv\/?post_type=product&#038;p=1835"},"modified":"2025-04-17T06:30:53","modified_gmt":"2025-04-17T06:30:53","slug":"barbuda-rum-spiced","status":"publish","type":"product","link":"https:\/\/amberdistribution.lv\/lv\/product\/barbuda-rum-spiced\/","title":{"rendered":"Barbuda Rum Spiced"},"content":{"rendered":"<p>Lielisks rums ar izcil\u0101ko Kar\u012bbu j\u016bras rumu un da\u017e\u0101d\u0101m gar\u0161viel\u0101m. Arom\u0101t\u0101 un gar\u0161\u0101 ir j\u016btama piparu gar\u0161a, smalks \u017e\u0101v\u0113tu aug\u013cu piesk\u0101riens, pl\u016bmju un citrusu ekstrakti.<\/p>\n","protected":false},"excerpt":{"rendered":"<p>Lielisks rums ar izcil\u0101ko Kar\u012bbu j\u016bras rumu un da\u017e\u0101d\u0101m gar\u0161viel\u0101m. Arom\u0101t\u0101 un gar\u0161\u0101 ir j\u016btama piparu gar\u0161a, smalks \u017e\u0101v\u0113tu aug\u013cu piesk\u0101riens, pl\u016bmju un citrusu ekstrakti.<\/p>\n","protected":false},"featured_media":1822,"template":"","meta":[],"product_cat":[414],"product_tag":[],"acf":[],"_links":{"self":[{"href":"https:\/\/amberdistribution.lv\/lv\/wp-json\/wp\/v2\/product\/1835"}],"collection":[{"href":"https:\/\/amberdistribution.lv\/lv\/wp-json\/wp\/v2\/product"}],"about":[{"href":"https:\/\/amberdistribution.lv\/lv\/wp-json\/wp\/v2\/types\/product"}],"wp:featuredmedia":[{"embeddable":true,"href":"https:\/\/amberdistribution.lv\/lv\/wp-json\/wp\/v2\/media\/1822"}],"wp:attachment":[{"href":"https:\/\/amberdistribution.lv\/lv\/wp-json\/wp\/v2\/media?parent=1835"}],"wp:term":[{"taxonomy":"product_cat","embeddable":true,"href":"https:\/\/amberdistribution.lv\/lv\/wp-json\/wp\/v2\/product_cat?post=1835"},{"taxonomy":"product_tag","embeddable":true,"href":"https:\/\/amberdistribution.lv\/lv\/wp-json\/wp\/v2\/product_tag?post=1835"}],"curies":[{"name":"wp","href":"https:\/\/api.w.org\/{rel}","templated":true}]}}