{"id":1842,"date":"2022-03-29T12:23:09","date_gmt":"2022-03-29T12:23:09","guid":{"rendered":"https:\/\/amberdistribution.lv\/?post_type=product&#038;p=1842"},"modified":"2023-01-11T14:30:35","modified_gmt":"2023-01-11T14:30:35","slug":"sailor-jerry-spiced","status":"publish","type":"product","link":"https:\/\/amberdistribution.lv\/lv\/product\/sailor-jerry-spiced\/","title":{"rendered":"Sailor Jerry Spiced"},"content":{"rendered":"<p>Normans Kolinss (1911-1973) ar iesauku Sailor Jerry ir sava laika tetov\u0113\u0161anas m\u0101kslas t\u0113vs. Vi\u0146a inovat\u012bvie darbi ieguva pla\u0161u pasaules atzin\u012bbu jau vair\u0101k k\u0101 pirms 50 gadiem un tiek augstu v\u0113rt\u0113ti v\u0113l \u0161odien. L\u012bdz\u012bgi pa\u0161a meistara darbiem, ar\u012b dz\u0113riens, kas nosaukts vi\u0146a v\u0101rd\u0101, ir laikam p\u0101ri st\u0101vo\u0161s un pla\u0161i atpaz\u012bstams. Autentiski gatavot\u0101 dz\u0113riena pamat\u0101 ir Kar\u012bbu salu rums, aromatiz\u0113ts ar dab\u012bg\u0101m gar\u0161u pastiprino\u0161\u0101m sast\u0101vda\u013c\u0101m, kas to padara viegli pikantu un maigu. Baudi ar sul\u0101m, g\u0101z\u0113tiem dz\u0113rieniem, vai pievienojot ledu.<\/p>\n","protected":false},"excerpt":{"rendered":"<p>Normans Kolinss (1911-1973) ar iesauku Sailor Jerry ir sava laika tetov\u0113\u0161anas m\u0101kslas t\u0113vs. Vi\u0146a inovat\u012bvie darbi ieguva pla\u0161u pasaules atzin\u012bbu jau vair\u0101k k\u0101 pirms 50 gadiem un tiek augstu v\u0113rt\u0113ti...<\/p>\n","protected":false},"featured_media":1845,"template":"","meta":[],"product_cat":[414],"product_tag":[],"acf":[],"_links":{"self":[{"href":"https:\/\/amberdistribution.lv\/lv\/wp-json\/wp\/v2\/product\/1842"}],"collection":[{"href":"https:\/\/amberdistribution.lv\/lv\/wp-json\/wp\/v2\/product"}],"about":[{"href":"https:\/\/amberdistribution.lv\/lv\/wp-json\/wp\/v2\/types\/product"}],"wp:featuredmedia":[{"embeddable":true,"href":"https:\/\/amberdistribution.lv\/lv\/wp-json\/wp\/v2\/media\/1845"}],"wp:attachment":[{"href":"https:\/\/amberdistribution.lv\/lv\/wp-json\/wp\/v2\/media?parent=1842"}],"wp:term":[{"taxonomy":"product_cat","embeddable":true,"href":"https:\/\/amberdistribution.lv\/lv\/wp-json\/wp\/v2\/product_cat?post=1842"},{"taxonomy":"product_tag","embeddable":true,"href":"https:\/\/amberdistribution.lv\/lv\/wp-json\/wp\/v2\/product_tag?post=1842"}],"curies":[{"name":"wp","href":"https:\/\/api.w.org\/{rel}","templated":true}]}}