{"id":1865,"date":"2022-03-29T12:46:13","date_gmt":"2022-03-29T12:46:13","guid":{"rendered":"https:\/\/amberdistribution.lv\/?post_type=product&#038;p=1865"},"modified":"2023-01-11T14:43:36","modified_gmt":"2023-01-11T14:43:36","slug":"bayou-spiced","status":"publish","type":"product","link":"https:\/\/amberdistribution.lv\/lv\/product\/bayou-spiced\/","title":{"rendered":"Bayou Spiced"},"content":{"rendered":"<p>Bayou Spiced rad\u0101s tie\u0161i \u0161eit \u2013 viet\u0101, kur cukurniedres pirmo reizi tikai ievestas ASV. Bayou Spiced ir ruma meistardarbs, kuram tiek pievienotas gard\u0101s kreolas gar\u0161vielas, kas rada pirmklas\u012bgu dz\u0113riena baud\u012bjumu. Bayou Spiced rums noteikti padar\u012bs j\u016bsu iecien\u012bt\u0101ko kokteili vai notikumu pies\u0101tin\u0101t\u0101ku.<\/p>\n","protected":false},"excerpt":{"rendered":"<p>Bayou Spiced rad\u0101s tie\u0161i \u0161eit \u2013 viet\u0101, kur cukurniedres pirmo reizi tikai ievestas ASV. Bayou Spiced ir ruma meistardarbs, kuram tiek pievienotas gard\u0101s kreolas gar\u0161vielas, kas rada pirmklas\u012bgu dz\u0113riena baud\u012bjumu....<\/p>\n","protected":false},"featured_media":5000,"template":"","meta":[],"product_cat":[414],"product_tag":[],"acf":[],"_links":{"self":[{"href":"https:\/\/amberdistribution.lv\/lv\/wp-json\/wp\/v2\/product\/1865"}],"collection":[{"href":"https:\/\/amberdistribution.lv\/lv\/wp-json\/wp\/v2\/product"}],"about":[{"href":"https:\/\/amberdistribution.lv\/lv\/wp-json\/wp\/v2\/types\/product"}],"wp:featuredmedia":[{"embeddable":true,"href":"https:\/\/amberdistribution.lv\/lv\/wp-json\/wp\/v2\/media\/5000"}],"wp:attachment":[{"href":"https:\/\/amberdistribution.lv\/lv\/wp-json\/wp\/v2\/media?parent=1865"}],"wp:term":[{"taxonomy":"product_cat","embeddable":true,"href":"https:\/\/amberdistribution.lv\/lv\/wp-json\/wp\/v2\/product_cat?post=1865"},{"taxonomy":"product_tag","embeddable":true,"href":"https:\/\/amberdistribution.lv\/lv\/wp-json\/wp\/v2\/product_tag?post=1865"}],"curies":[{"name":"wp","href":"https:\/\/api.w.org\/{rel}","templated":true}]}}