{"id":1867,"date":"2022-03-29T12:49:50","date_gmt":"2022-03-29T12:49:50","guid":{"rendered":"https:\/\/amberdistribution.lv\/?post_type=product&#038;p=1867"},"modified":"2022-03-29T12:49:50","modified_gmt":"2022-03-29T12:49:50","slug":"bayou-white","status":"publish","type":"product","link":"https:\/\/amberdistribution.lv\/lv\/product\/bayou-white\/","title":{"rendered":"Bayou White"},"content":{"rendered":"<p>Bayou Silver ir Luizi\u0101nas ruma meistardarbs un tas tiek destil\u0113ts tradicion\u0101laj\u0101 vara katl\u0101, izmantojot tikai dab\u012bgu Luizi\u0101nas cukurniedru cukuru un melasi. Tam piem\u012bt \u013coti t\u012bra un maiga gar\u0161a un ir rakstur\u012bgas vani\u013cas, sald\u0113juma un ban\u0101nu notis. Baudiet maigo un pies\u0101tin\u0101to Bayou Silver rumu ar ledu vai sav\u0101 iecien\u012bt\u0101kaj\u0101 kokteil\u012b, saj\u016btot pirmklas\u012bgu dz\u0113riena baud\u012bjumu.<\/p>\n","protected":false},"excerpt":{"rendered":"<p>Bayou Silver ir Luizi\u0101nas ruma meistardarbs un tas tiek destil\u0113ts tradicion\u0101laj\u0101 vara katl\u0101, izmantojot tikai dab\u012bgu Luizi\u0101nas cukurniedru cukuru un melasi. Tam piem\u012bt \u013coti t\u012bra un maiga gar\u0161a un ir...<\/p>\n","protected":false},"featured_media":1858,"template":"","meta":[],"product_cat":[414],"product_tag":[],"acf":[],"_links":{"self":[{"href":"https:\/\/amberdistribution.lv\/lv\/wp-json\/wp\/v2\/product\/1867"}],"collection":[{"href":"https:\/\/amberdistribution.lv\/lv\/wp-json\/wp\/v2\/product"}],"about":[{"href":"https:\/\/amberdistribution.lv\/lv\/wp-json\/wp\/v2\/types\/product"}],"wp:featuredmedia":[{"embeddable":true,"href":"https:\/\/amberdistribution.lv\/lv\/wp-json\/wp\/v2\/media\/1858"}],"wp:attachment":[{"href":"https:\/\/amberdistribution.lv\/lv\/wp-json\/wp\/v2\/media?parent=1867"}],"wp:term":[{"taxonomy":"product_cat","embeddable":true,"href":"https:\/\/amberdistribution.lv\/lv\/wp-json\/wp\/v2\/product_cat?post=1867"},{"taxonomy":"product_tag","embeddable":true,"href":"https:\/\/amberdistribution.lv\/lv\/wp-json\/wp\/v2\/product_tag?post=1867"}],"curies":[{"name":"wp","href":"https:\/\/api.w.org\/{rel}","templated":true}]}}