{"id":1870,"date":"2022-03-29T12:51:59","date_gmt":"2022-03-29T12:51:59","guid":{"rendered":"https:\/\/amberdistribution.lv\/?post_type=product&#038;p=1870"},"modified":"2022-03-29T12:51:59","modified_gmt":"2022-03-29T12:51:59","slug":"bayou-mardi-gras-xo","status":"publish","type":"product","link":"https:\/\/amberdistribution.lv\/lv\/product\/bayou-mardi-gras-xo\/","title":{"rendered":"Bayou Mardi Gras XO"},"content":{"rendered":"<p>Bayou Mardi Gras XO ir ruma meistardarbs, kas tiek destil\u0113ts no vienas unik\u0101las partijas tradicion\u0101l\u0101 vara katl\u0101, izmantojot tikai viet\u0113jas izcelsmes Luizi\u0101nas cukurniedres. Bayou XO rums ir le\u0123endaro Luizi\u0101nas <em>Mardi Gras<\/em>\u00a0sv\u0113tku iedvesmots un tiek pagatavots limit\u0113t\u0101 daudzum\u0101.<\/p>\n","protected":false},"excerpt":{"rendered":"<p>Bayou Mardi Gras XO ir ruma meistardarbs, kas tiek destil\u0113ts no vienas unik\u0101las partijas tradicion\u0101l\u0101 vara katl\u0101, izmantojot tikai viet\u0113jas izcelsmes Luizi\u0101nas cukurniedres. Bayou XO rums ir le\u0123endaro Luizi\u0101nas Mardi...<\/p>\n","protected":false},"featured_media":1850,"template":"","meta":[],"product_cat":[414],"product_tag":[],"acf":[],"_links":{"self":[{"href":"https:\/\/amberdistribution.lv\/lv\/wp-json\/wp\/v2\/product\/1870"}],"collection":[{"href":"https:\/\/amberdistribution.lv\/lv\/wp-json\/wp\/v2\/product"}],"about":[{"href":"https:\/\/amberdistribution.lv\/lv\/wp-json\/wp\/v2\/types\/product"}],"wp:featuredmedia":[{"embeddable":true,"href":"https:\/\/amberdistribution.lv\/lv\/wp-json\/wp\/v2\/media\/1850"}],"wp:attachment":[{"href":"https:\/\/amberdistribution.lv\/lv\/wp-json\/wp\/v2\/media?parent=1870"}],"wp:term":[{"taxonomy":"product_cat","embeddable":true,"href":"https:\/\/amberdistribution.lv\/lv\/wp-json\/wp\/v2\/product_cat?post=1870"},{"taxonomy":"product_tag","embeddable":true,"href":"https:\/\/amberdistribution.lv\/lv\/wp-json\/wp\/v2\/product_tag?post=1870"}],"curies":[{"name":"wp","href":"https:\/\/api.w.org\/{rel}","templated":true}]}}