{"id":1917,"date":"2022-03-29T13:49:59","date_gmt":"2022-03-29T13:49:59","guid":{"rendered":"https:\/\/amberdistribution.lv\/?post_type=product&#038;p=1917"},"modified":"2022-03-29T13:49:59","modified_gmt":"2022-03-29T13:49:59","slug":"moka-hazelnut","status":"publish","type":"product","link":"https:\/\/amberdistribution.lv\/lv\/product\/moka-hazelnut\/","title":{"rendered":"Moka Hazelnut"},"content":{"rendered":"<p>Li\u0137ieris Moka Hazelnut ir m\u016bsdien\u012bga klasika \u2013 Arabica kafijas pupi\u0146u un lazdu riekstu gar\u0161as apvienojums, ko papildina maigas vani\u013cas notis. Pies\u0101tin\u0101ts arom\u0101ts, samtaina gar\u0161a un pat\u012bkama p\u0113cgar\u0161a iepriecin\u0101s visizsmalcin\u0101t\u0101kos cien\u012bt\u0101jus. Ieteicams lieto\u0161anai gan t\u012br\u0101 veid\u0101, gan ar ledu vai koktei\u013cos.<\/p>\n","protected":false},"excerpt":{"rendered":"<p>Li\u0137ieris Moka Hazelnut ir m\u016bsdien\u012bga klasika \u2013 Arabica kafijas pupi\u0146u un lazdu riekstu gar\u0161as apvienojums, ko papildina maigas vani\u013cas notis. Pies\u0101tin\u0101ts arom\u0101ts, samtaina gar\u0161a un pat\u012bkama p\u0113cgar\u0161a iepriecin\u0101s visizsmalcin\u0101t\u0101kos cien\u012bt\u0101jus....<\/p>\n","protected":false},"featured_media":1918,"template":"","meta":[],"product_cat":[301],"product_tag":[],"acf":[],"_links":{"self":[{"href":"https:\/\/amberdistribution.lv\/lv\/wp-json\/wp\/v2\/product\/1917"}],"collection":[{"href":"https:\/\/amberdistribution.lv\/lv\/wp-json\/wp\/v2\/product"}],"about":[{"href":"https:\/\/amberdistribution.lv\/lv\/wp-json\/wp\/v2\/types\/product"}],"wp:featuredmedia":[{"embeddable":true,"href":"https:\/\/amberdistribution.lv\/lv\/wp-json\/wp\/v2\/media\/1918"}],"wp:attachment":[{"href":"https:\/\/amberdistribution.lv\/lv\/wp-json\/wp\/v2\/media?parent=1917"}],"wp:term":[{"taxonomy":"product_cat","embeddable":true,"href":"https:\/\/amberdistribution.lv\/lv\/wp-json\/wp\/v2\/product_cat?post=1917"},{"taxonomy":"product_tag","embeddable":true,"href":"https:\/\/amberdistribution.lv\/lv\/wp-json\/wp\/v2\/product_tag?post=1917"}],"curies":[{"name":"wp","href":"https:\/\/api.w.org\/{rel}","templated":true}]}}