{"id":1926,"date":"2022-03-29T13:55:20","date_gmt":"2022-03-29T13:55:20","guid":{"rendered":"https:\/\/amberdistribution.lv\/?post_type=product&#038;p=1926"},"modified":"2022-03-29T13:55:20","modified_gmt":"2022-03-29T13:55:20","slug":"moka-truffle","status":"publish","type":"product","link":"https:\/\/amberdistribution.lv\/lv\/product\/moka-truffle\/","title":{"rendered":"Moka Truffle"},"content":{"rendered":"<p>Moka Truffle ir li\u0137ieris ar izsmalcin\u0101tu kafijas un balt\u0101s \u0161okol\u0101des gar\u0161as kompoz\u012bciju un kr\u0113m\u012bgiem vani\u013cas un \u012brisa to\u0146iem. Baudiet Moka Truffle ar ledu, t\u012br\u0101 veid\u0101 vai koktei\u013cos.<\/p>\n","protected":false},"excerpt":{"rendered":"<p>Moka Truffle ir li\u0137ieris ar izsmalcin\u0101tu kafijas un balt\u0101s \u0161okol\u0101des gar\u0161as kompoz\u012bciju un kr\u0113m\u012bgiem vani\u013cas un \u012brisa to\u0146iem. Baudiet Moka Truffle ar ledu, t\u012br\u0101 veid\u0101 vai koktei\u013cos.<\/p>\n","protected":false},"featured_media":1922,"template":"","meta":[],"product_cat":[301],"product_tag":[],"acf":[],"_links":{"self":[{"href":"https:\/\/amberdistribution.lv\/lv\/wp-json\/wp\/v2\/product\/1926"}],"collection":[{"href":"https:\/\/amberdistribution.lv\/lv\/wp-json\/wp\/v2\/product"}],"about":[{"href":"https:\/\/amberdistribution.lv\/lv\/wp-json\/wp\/v2\/types\/product"}],"wp:featuredmedia":[{"embeddable":true,"href":"https:\/\/amberdistribution.lv\/lv\/wp-json\/wp\/v2\/media\/1922"}],"wp:attachment":[{"href":"https:\/\/amberdistribution.lv\/lv\/wp-json\/wp\/v2\/media?parent=1926"}],"wp:term":[{"taxonomy":"product_cat","embeddable":true,"href":"https:\/\/amberdistribution.lv\/lv\/wp-json\/wp\/v2\/product_cat?post=1926"},{"taxonomy":"product_tag","embeddable":true,"href":"https:\/\/amberdistribution.lv\/lv\/wp-json\/wp\/v2\/product_tag?post=1926"}],"curies":[{"name":"wp","href":"https:\/\/api.w.org\/{rel}","templated":true}]}}