{"id":1927,"date":"2022-03-30T08:58:57","date_gmt":"2022-03-30T08:58:57","guid":{"rendered":"https:\/\/amberdistribution.lv\/?post_type=product&#038;p=1927"},"modified":"2022-03-30T08:58:58","modified_gmt":"2022-03-30T08:58:58","slug":"allazu-kimelis","status":"publish","type":"product","link":"https:\/\/amberdistribution.lv\/lv\/product\/allazu-kimelis\/","title":{"rendered":"Alla\u017eu \u0136imelis"},"content":{"rendered":"<p>Alla\u017eu \u0137imelis ir klasisks \u0137ime\u0146u li\u0137ieris ar izcilu un starptautiski augstu nov\u0113rt\u0113tu gar\u0161u, izgatavots p\u0113c ori\u0123in\u0101las un senas receptes.<\/p>\n","protected":false},"excerpt":{"rendered":"<p>Alla\u017eu \u0137imelis ir klasisks \u0137ime\u0146u li\u0137ieris ar izcilu un starptautiski augstu nov\u0113rt\u0113tu gar\u0161u, izgatavots p\u0113c ori\u0123in\u0101las un senas receptes.<\/p>\n","protected":false},"featured_media":1928,"template":"","meta":[],"product_cat":[301],"product_tag":[],"acf":[],"_links":{"self":[{"href":"https:\/\/amberdistribution.lv\/lv\/wp-json\/wp\/v2\/product\/1927"}],"collection":[{"href":"https:\/\/amberdistribution.lv\/lv\/wp-json\/wp\/v2\/product"}],"about":[{"href":"https:\/\/amberdistribution.lv\/lv\/wp-json\/wp\/v2\/types\/product"}],"wp:featuredmedia":[{"embeddable":true,"href":"https:\/\/amberdistribution.lv\/lv\/wp-json\/wp\/v2\/media\/1928"}],"wp:attachment":[{"href":"https:\/\/amberdistribution.lv\/lv\/wp-json\/wp\/v2\/media?parent=1927"}],"wp:term":[{"taxonomy":"product_cat","embeddable":true,"href":"https:\/\/amberdistribution.lv\/lv\/wp-json\/wp\/v2\/product_cat?post=1927"},{"taxonomy":"product_tag","embeddable":true,"href":"https:\/\/amberdistribution.lv\/lv\/wp-json\/wp\/v2\/product_tag?post=1927"}],"curies":[{"name":"wp","href":"https:\/\/api.w.org\/{rel}","templated":true}]}}