{"id":1934,"date":"2022-03-30T09:07:04","date_gmt":"2022-03-30T09:07:04","guid":{"rendered":"https:\/\/amberdistribution.lv\/?post_type=product&#038;p=1934"},"modified":"2022-03-30T09:07:04","modified_gmt":"2022-03-30T09:07:04","slug":"benediktins","status":"publish","type":"product","link":"https:\/\/amberdistribution.lv\/lv\/product\/benediktins\/","title":{"rendered":"Benedikt\u012bns"},"content":{"rendered":"<p>Li\u0137ieris\u00a0Benedikt\u012bns\u00a0izgatavots no angelikas sakn\u0113m, melisas un piparm\u0113tru lap\u0101m, pievienojot gar\u0161vielas, brendiju, medu un augstas kvalit\u0101tes spirtu no graudiem. T\u0101 pamat\u0101 - kop\u0161 16 gs. \u00a0benedikt\u012bnie\u0161u m\u016bku lolot\u0101s trad\u012bcijas.<\/p>\n","protected":false},"excerpt":{"rendered":"<p>Li\u0137ieris\u00a0Benedikt\u012bns\u00a0izgatavots no angelikas sakn\u0113m, melisas un piparm\u0113tru lap\u0101m, pievienojot gar\u0161vielas, brendiju, medu un augstas kvalit\u0101tes spirtu no graudiem. T\u0101 pamat\u0101 - kop\u0161 16 gs. \u00a0benedikt\u012bnie\u0161u m\u016bku lolot\u0101s trad\u012bcijas.<\/p>\n","protected":false},"featured_media":1935,"template":"","meta":[],"product_cat":[301],"product_tag":[],"acf":[],"_links":{"self":[{"href":"https:\/\/amberdistribution.lv\/lv\/wp-json\/wp\/v2\/product\/1934"}],"collection":[{"href":"https:\/\/amberdistribution.lv\/lv\/wp-json\/wp\/v2\/product"}],"about":[{"href":"https:\/\/amberdistribution.lv\/lv\/wp-json\/wp\/v2\/types\/product"}],"wp:featuredmedia":[{"embeddable":true,"href":"https:\/\/amberdistribution.lv\/lv\/wp-json\/wp\/v2\/media\/1935"}],"wp:attachment":[{"href":"https:\/\/amberdistribution.lv\/lv\/wp-json\/wp\/v2\/media?parent=1934"}],"wp:term":[{"taxonomy":"product_cat","embeddable":true,"href":"https:\/\/amberdistribution.lv\/lv\/wp-json\/wp\/v2\/product_cat?post=1934"},{"taxonomy":"product_tag","embeddable":true,"href":"https:\/\/amberdistribution.lv\/lv\/wp-json\/wp\/v2\/product_tag?post=1934"}],"curies":[{"name":"wp","href":"https:\/\/api.w.org\/{rel}","templated":true}]}}