{"id":1954,"date":"2022-03-30T11:05:20","date_gmt":"2022-03-30T11:05:20","guid":{"rendered":"https:\/\/amberdistribution.lv\/?post_type=product&#038;p=1954"},"modified":"2022-03-30T11:05:20","modified_gmt":"2022-03-30T11:05:20","slug":"giffard-amaretto","status":"publish","type":"product","link":"https:\/\/amberdistribution.lv\/lv\/product\/giffard-amaretto\/","title":{"rendered":"Giffard Amaretto"},"content":{"rendered":"<p>Smalks li\u0137ieris ar bag\u0101t\u012bgu mande\u013cu, apriko\u017eu un \u0137ir\u0161u kauli\u0146u arom\u0101tu. Lai pagatavotu augst\u0101k\u0101s kvalit\u0101tes li\u0137ierus, komp\u0101nija Giffard izmanto tikai svaigas dab\u012bg\u0101s izejvielas un kop\u0161 1885. gada uzkr\u0101to pieredzi li\u0137ieru ra\u017eo\u0161an\u0101.<\/p>\n","protected":false},"excerpt":{"rendered":"<p>Smalks li\u0137ieris ar bag\u0101t\u012bgu mande\u013cu, apriko\u017eu un \u0137ir\u0161u kauli\u0146u arom\u0101tu. Lai pagatavotu augst\u0101k\u0101s kvalit\u0101tes li\u0137ierus, komp\u0101nija Giffard izmanto tikai svaigas dab\u012bg\u0101s izejvielas un kop\u0161 1885. gada uzkr\u0101to pieredzi li\u0137ieru ra\u017eo\u0161an\u0101.<\/p>\n","protected":false},"featured_media":1955,"template":"","meta":[],"product_cat":[301],"product_tag":[],"acf":[],"_links":{"self":[{"href":"https:\/\/amberdistribution.lv\/lv\/wp-json\/wp\/v2\/product\/1954"}],"collection":[{"href":"https:\/\/amberdistribution.lv\/lv\/wp-json\/wp\/v2\/product"}],"about":[{"href":"https:\/\/amberdistribution.lv\/lv\/wp-json\/wp\/v2\/types\/product"}],"wp:featuredmedia":[{"embeddable":true,"href":"https:\/\/amberdistribution.lv\/lv\/wp-json\/wp\/v2\/media\/1955"}],"wp:attachment":[{"href":"https:\/\/amberdistribution.lv\/lv\/wp-json\/wp\/v2\/media?parent=1954"}],"wp:term":[{"taxonomy":"product_cat","embeddable":true,"href":"https:\/\/amberdistribution.lv\/lv\/wp-json\/wp\/v2\/product_cat?post=1954"},{"taxonomy":"product_tag","embeddable":true,"href":"https:\/\/amberdistribution.lv\/lv\/wp-json\/wp\/v2\/product_tag?post=1954"}],"curies":[{"name":"wp","href":"https:\/\/api.w.org\/{rel}","templated":true}]}}