{"id":1980,"date":"2022-03-30T11:08:27","date_gmt":"2022-03-30T11:08:27","guid":{"rendered":"https:\/\/amberdistribution.lv\/?post_type=product&#038;p=1980"},"modified":"2022-03-30T11:08:28","modified_gmt":"2022-03-30T11:08:28","slug":"giffard-apricot-brandy","status":"publish","type":"product","link":"https:\/\/amberdistribution.lv\/lv\/product\/giffard-apricot-brandy\/","title":{"rendered":"Giffard Apricot Brandy"},"content":{"rendered":"<p>Arom\u0101t\u0101 j\u016btams izteikts apriko\u017eu sulas saldums. Gar\u0161as bu\u0137et\u0113 j\u016btamas mandeles, nogatavoju\u0161os apriko\u017eu saldums un apriko\u017eu marmel\u0101de. Lai pagatavotu augst\u0101k\u0101s kvalit\u0101tes li\u0137ierus, komp\u0101nija Giffard izmanto tikai svaigas dab\u012bg\u0101s izejvielas un kop\u0161 1885. gada uzkr\u0101to pieredzi li\u0137ieru ra\u017eo\u0161an\u0101.<\/p>\n","protected":false},"excerpt":{"rendered":"<p>Arom\u0101t\u0101 j\u016btams izteikts apriko\u017eu sulas saldums. Gar\u0161as bu\u0137et\u0113 j\u016btamas mandeles, nogatavoju\u0161os apriko\u017eu saldums un apriko\u017eu marmel\u0101de. Lai pagatavotu augst\u0101k\u0101s kvalit\u0101tes li\u0137ierus, komp\u0101nija Giffard izmanto tikai svaigas dab\u012bg\u0101s izejvielas un kop\u0161...<\/p>\n","protected":false},"featured_media":1957,"template":"","meta":[],"product_cat":[301],"product_tag":[],"acf":[],"_links":{"self":[{"href":"https:\/\/amberdistribution.lv\/lv\/wp-json\/wp\/v2\/product\/1980"}],"collection":[{"href":"https:\/\/amberdistribution.lv\/lv\/wp-json\/wp\/v2\/product"}],"about":[{"href":"https:\/\/amberdistribution.lv\/lv\/wp-json\/wp\/v2\/types\/product"}],"wp:featuredmedia":[{"embeddable":true,"href":"https:\/\/amberdistribution.lv\/lv\/wp-json\/wp\/v2\/media\/1957"}],"wp:attachment":[{"href":"https:\/\/amberdistribution.lv\/lv\/wp-json\/wp\/v2\/media?parent=1980"}],"wp:term":[{"taxonomy":"product_cat","embeddable":true,"href":"https:\/\/amberdistribution.lv\/lv\/wp-json\/wp\/v2\/product_cat?post=1980"},{"taxonomy":"product_tag","embeddable":true,"href":"https:\/\/amberdistribution.lv\/lv\/wp-json\/wp\/v2\/product_tag?post=1980"}],"curies":[{"name":"wp","href":"https:\/\/api.w.org\/{rel}","templated":true}]}}