{"id":1982,"date":"2022-03-30T11:11:21","date_gmt":"2022-03-30T11:11:21","guid":{"rendered":"https:\/\/amberdistribution.lv\/?post_type=product&#038;p=1982"},"modified":"2022-03-30T11:11:22","modified_gmt":"2022-03-30T11:11:22","slug":"giffard-caribbean-pineapple","status":"publish","type":"product","link":"https:\/\/amberdistribution.lv\/lv\/product\/giffard-caribbean-pineapple\/","title":{"rendered":"Giffard Caribbean Pineapple"},"content":{"rendered":"<p>Li\u0137ieris izgatavots no svaigiem Kar\u012bbu anan\u0101siem, pievienojot iecukurotu anan\u0101su izvilkumu,\u00a0 pastiprinot ar 7 gadu vecu Kar\u012bbu rumu un da\u017e\u0101d\u0101m gar\u0161viel\u0101m.<\/p>\n","protected":false},"excerpt":{"rendered":"<p>Li\u0137ieris izgatavots no svaigiem Kar\u012bbu anan\u0101siem, pievienojot iecukurotu anan\u0101su izvilkumu,\u00a0 pastiprinot ar 7 gadu vecu Kar\u012bbu rumu un da\u017e\u0101d\u0101m gar\u0161viel\u0101m.<\/p>\n","protected":false},"featured_media":1959,"template":"","meta":[],"product_cat":[301],"product_tag":[],"acf":[],"_links":{"self":[{"href":"https:\/\/amberdistribution.lv\/lv\/wp-json\/wp\/v2\/product\/1982"}],"collection":[{"href":"https:\/\/amberdistribution.lv\/lv\/wp-json\/wp\/v2\/product"}],"about":[{"href":"https:\/\/amberdistribution.lv\/lv\/wp-json\/wp\/v2\/types\/product"}],"wp:featuredmedia":[{"embeddable":true,"href":"https:\/\/amberdistribution.lv\/lv\/wp-json\/wp\/v2\/media\/1959"}],"wp:attachment":[{"href":"https:\/\/amberdistribution.lv\/lv\/wp-json\/wp\/v2\/media?parent=1982"}],"wp:term":[{"taxonomy":"product_cat","embeddable":true,"href":"https:\/\/amberdistribution.lv\/lv\/wp-json\/wp\/v2\/product_cat?post=1982"},{"taxonomy":"product_tag","embeddable":true,"href":"https:\/\/amberdistribution.lv\/lv\/wp-json\/wp\/v2\/product_tag?post=1982"}],"curies":[{"name":"wp","href":"https:\/\/api.w.org\/{rel}","templated":true}]}}