{"id":1988,"date":"2022-03-30T11:25:50","date_gmt":"2022-03-30T11:25:50","guid":{"rendered":"https:\/\/amberdistribution.lv\/?post_type=product&#038;p=1988"},"modified":"2022-05-03T07:28:51","modified_gmt":"2022-05-03T07:28:51","slug":"giffard-creme-de-cassis-blackcurrant","status":"publish","type":"product","link":"https:\/\/amberdistribution.lv\/lv\/product\/giffard-creme-de-cassis-blackcurrant\/","title":{"rendered":"Giffard Creme de Cassis BlackCurrant"},"content":{"rendered":"<p>Li\u0137ieris gatavots no Lu\u0101ras ielej\u0101 iev\u0101kt\u0101m upen\u0113m. Lai pagatavotu augst\u0101k\u0101s kvalit\u0101tes li\u0137ierus, komp\u0101nija Giffard izmanto tikai svaigas dab\u012bg\u0101s izejvielas un kop\u0161 1885. gada uzkr\u0101to pieredzi li\u0137ieru ra\u017eo\u0161an\u0101.<\/p>\n","protected":false},"excerpt":{"rendered":"<p>Li\u0137ieris gatavots no Lu\u0101ras ielej\u0101 iev\u0101kt\u0101m upen\u0113m. Lai pagatavotu augst\u0101k\u0101s kvalit\u0101tes li\u0137ierus, komp\u0101nija Giffard izmanto tikai svaigas dab\u012bg\u0101s izejvielas un kop\u0161 1885. gada uzkr\u0101to pieredzi li\u0137ieru ra\u017eo\u0161an\u0101.<\/p>\n","protected":false},"featured_media":1965,"template":"","meta":[],"product_cat":[301],"product_tag":[],"acf":[],"_links":{"self":[{"href":"https:\/\/amberdistribution.lv\/lv\/wp-json\/wp\/v2\/product\/1988"}],"collection":[{"href":"https:\/\/amberdistribution.lv\/lv\/wp-json\/wp\/v2\/product"}],"about":[{"href":"https:\/\/amberdistribution.lv\/lv\/wp-json\/wp\/v2\/types\/product"}],"wp:featuredmedia":[{"embeddable":true,"href":"https:\/\/amberdistribution.lv\/lv\/wp-json\/wp\/v2\/media\/1965"}],"wp:attachment":[{"href":"https:\/\/amberdistribution.lv\/lv\/wp-json\/wp\/v2\/media?parent=1988"}],"wp:term":[{"taxonomy":"product_cat","embeddable":true,"href":"https:\/\/amberdistribution.lv\/lv\/wp-json\/wp\/v2\/product_cat?post=1988"},{"taxonomy":"product_tag","embeddable":true,"href":"https:\/\/amberdistribution.lv\/lv\/wp-json\/wp\/v2\/product_tag?post=1988"}],"curies":[{"name":"wp","href":"https:\/\/api.w.org\/{rel}","templated":true}]}}