{"id":1996,"date":"2022-03-30T11:39:44","date_gmt":"2022-03-30T11:39:44","guid":{"rendered":"https:\/\/amberdistribution.lv\/?post_type=product&#038;p=1996"},"modified":"2022-03-30T11:39:44","modified_gmt":"2022-03-30T11:39:44","slug":"giffard-melon","status":"publish","type":"product","link":"https:\/\/amberdistribution.lv\/lv\/product\/giffard-melon\/","title":{"rendered":"Giffard Melon"},"content":{"rendered":"<p>No za\u013caj\u0101m melon\u0113m gatavots li\u0137ieris. Lai pagatavotu augst\u0101k\u0101s kvalit\u0101tes li\u0137ierus, komp\u0101nija Giffard izmanto tikai svaigas dab\u012bg\u0101s izejvielas un kop\u0161 1885. gada uzkr\u0101to pieredzi li\u0137ieru ra\u017eo\u0161an\u0101.<\/p>\n","protected":false},"excerpt":{"rendered":"<p>No za\u013caj\u0101m melon\u0113m gatavots li\u0137ieris. Lai pagatavotu augst\u0101k\u0101s kvalit\u0101tes li\u0137ierus, komp\u0101nija Giffard izmanto tikai svaigas dab\u012bg\u0101s izejvielas un kop\u0161 1885. gada uzkr\u0101to pieredzi li\u0137ieru ra\u017eo\u0161an\u0101.<\/p>\n","protected":false},"featured_media":1973,"template":"","meta":[],"product_cat":[301],"product_tag":[],"acf":[],"_links":{"self":[{"href":"https:\/\/amberdistribution.lv\/lv\/wp-json\/wp\/v2\/product\/1996"}],"collection":[{"href":"https:\/\/amberdistribution.lv\/lv\/wp-json\/wp\/v2\/product"}],"about":[{"href":"https:\/\/amberdistribution.lv\/lv\/wp-json\/wp\/v2\/types\/product"}],"wp:featuredmedia":[{"embeddable":true,"href":"https:\/\/amberdistribution.lv\/lv\/wp-json\/wp\/v2\/media\/1973"}],"wp:attachment":[{"href":"https:\/\/amberdistribution.lv\/lv\/wp-json\/wp\/v2\/media?parent=1996"}],"wp:term":[{"taxonomy":"product_cat","embeddable":true,"href":"https:\/\/amberdistribution.lv\/lv\/wp-json\/wp\/v2\/product_cat?post=1996"},{"taxonomy":"product_tag","embeddable":true,"href":"https:\/\/amberdistribution.lv\/lv\/wp-json\/wp\/v2\/product_tag?post=1996"}],"curies":[{"name":"wp","href":"https:\/\/api.w.org\/{rel}","templated":true}]}}