{"id":2000,"date":"2022-03-30T11:44:14","date_gmt":"2022-03-30T11:44:14","guid":{"rendered":"https:\/\/amberdistribution.lv\/?post_type=product&#038;p=2000"},"modified":"2022-07-27T13:15:57","modified_gmt":"2022-07-27T13:15:57","slug":"giffard-triple-sec","status":"publish","type":"product","link":"https:\/\/amberdistribution.lv\/lv\/product\/giffard-triple-sec\/","title":{"rendered":"Giffard Triple Sec"},"content":{"rendered":"<p>Li\u0137iera pagatavo\u0161anai izmantoti apels\u012bni un pomerance (r\u016bgtie apels\u012bni). Komp\u0101nija Giffard izmanto tikai svaigas dab\u012bg\u0101s izejvielas un kop\u0161 1885. gada uzkr\u0101to pieredzi li\u0137ieru ra\u017eo\u0161an\u0101.<\/p>\n","protected":false},"excerpt":{"rendered":"<p>Li\u0137iera pagatavo\u0161anai izmantoti apels\u012bni un pomerance (r\u016bgtie apels\u012bni). Komp\u0101nija Giffard izmanto tikai svaigas dab\u012bg\u0101s izejvielas un kop\u0161 1885. gada uzkr\u0101to pieredzi li\u0137ieru ra\u017eo\u0161an\u0101.<\/p>\n","protected":false},"featured_media":4602,"template":"","meta":[],"product_cat":[301],"product_tag":[],"acf":[],"_links":{"self":[{"href":"https:\/\/amberdistribution.lv\/lv\/wp-json\/wp\/v2\/product\/2000"}],"collection":[{"href":"https:\/\/amberdistribution.lv\/lv\/wp-json\/wp\/v2\/product"}],"about":[{"href":"https:\/\/amberdistribution.lv\/lv\/wp-json\/wp\/v2\/types\/product"}],"wp:featuredmedia":[{"embeddable":true,"href":"https:\/\/amberdistribution.lv\/lv\/wp-json\/wp\/v2\/media\/4602"}],"wp:attachment":[{"href":"https:\/\/amberdistribution.lv\/lv\/wp-json\/wp\/v2\/media?parent=2000"}],"wp:term":[{"taxonomy":"product_cat","embeddable":true,"href":"https:\/\/amberdistribution.lv\/lv\/wp-json\/wp\/v2\/product_cat?post=2000"},{"taxonomy":"product_tag","embeddable":true,"href":"https:\/\/amberdistribution.lv\/lv\/wp-json\/wp\/v2\/product_tag?post=2000"}],"curies":[{"name":"wp","href":"https:\/\/api.w.org\/{rel}","templated":true}]}}