{"id":2147,"date":"2022-03-31T09:34:22","date_gmt":"2022-03-31T09:34:22","guid":{"rendered":"https:\/\/amberdistribution.lv\/?post_type=product&#038;p=2147"},"modified":"2022-03-31T09:34:22","modified_gmt":"2022-03-31T09:34:22","slug":"grants-18yo","status":"publish","type":"product","link":"https:\/\/amberdistribution.lv\/lv\/product\/grants-18yo\/","title":{"rendered":"Grant's 18YO"},"content":{"rendered":"<p>Grant\u2019s 18 Year Old ir br\u012bni\u0161\u0137\u012bgs un ide\u0101li sabalans\u0113ts skotu viskijs, kur\u0161 18 vai vair\u0101k gadus tiek iztur\u0113ts ozolkoka muc\u0101s, bet t\u0101 iztur\u0113\u0161ana nosl\u0113gusies portv\u012bna muc\u0101s. Pateicoties \u0161ai tehnolo\u0123ijai, viskijam piem\u012bt l\u012bdzsvarota, neparasti harmoniska un izteikta gar\u0161a ar aug\u013cu not\u012bm. Ide\u0101li piem\u0113rots svar\u012bgu dz\u012bves notikumu atz\u012bm\u0113\u0161anai.<\/p>\n","protected":false},"excerpt":{"rendered":"<p>Grant\u2019s 18 Year Old ir br\u012bni\u0161\u0137\u012bgs un ide\u0101li sabalans\u0113ts skotu viskijs, kur\u0161 18 vai vair\u0101k gadus tiek iztur\u0113ts ozolkoka muc\u0101s, bet t\u0101 iztur\u0113\u0161ana nosl\u0113gusies portv\u012bna muc\u0101s. Pateicoties \u0161ai tehnolo\u0123ijai, viskijam...<\/p>\n","protected":false},"featured_media":2152,"template":"","meta":[],"product_cat":[297],"product_tag":[],"acf":[],"_links":{"self":[{"href":"https:\/\/amberdistribution.lv\/lv\/wp-json\/wp\/v2\/product\/2147"}],"collection":[{"href":"https:\/\/amberdistribution.lv\/lv\/wp-json\/wp\/v2\/product"}],"about":[{"href":"https:\/\/amberdistribution.lv\/lv\/wp-json\/wp\/v2\/types\/product"}],"wp:featuredmedia":[{"embeddable":true,"href":"https:\/\/amberdistribution.lv\/lv\/wp-json\/wp\/v2\/media\/2152"}],"wp:attachment":[{"href":"https:\/\/amberdistribution.lv\/lv\/wp-json\/wp\/v2\/media?parent=2147"}],"wp:term":[{"taxonomy":"product_cat","embeddable":true,"href":"https:\/\/amberdistribution.lv\/lv\/wp-json\/wp\/v2\/product_cat?post=2147"},{"taxonomy":"product_tag","embeddable":true,"href":"https:\/\/amberdistribution.lv\/lv\/wp-json\/wp\/v2\/product_tag?post=2147"}],"curies":[{"name":"wp","href":"https:\/\/api.w.org\/{rel}","templated":true}]}}