{"id":2165,"date":"2022-03-31T09:40:07","date_gmt":"2022-03-31T09:40:07","guid":{"rendered":"https:\/\/amberdistribution.lv\/?post_type=product&#038;p=2165"},"modified":"2024-06-26T11:49:00","modified_gmt":"2024-06-26T11:49:00","slug":"grants-family-reserve-cradle","status":"publish","type":"product","link":"https:\/\/amberdistribution.lv\/lv\/product\/grants-family-reserve-cradle\/","title":{"rendered":"Grant'S Family Reserve Cradle"},"content":{"rendered":"<p>Grant\u2019s Family Reserve tiek uzskat\u012bts par vienu no pasaules vislab\u0101kajiem jauktajiem skotu viskijiem. T\u0101 ra\u017eo\u0161an\u0101 tiek izmantota unik\u0101la tehnolo\u0123ija, ar kuras pal\u012bdz\u012bbu tiek ieg\u016bts \u013coti viegls spirts. Lai dz\u0113rienam b\u016btu neatk\u0101rtojama gar\u0161a, kup\u0101\u017eas meistari sajauc 25 \u012bpa\u0161i atlas\u012btus iesala un graudu viskija spirtus. Recepti ir rad\u012bjis Viljams Grants un t\u0101 nav main\u012bjusies kop\u0161 1898.gada.<\/p>\n","protected":false},"excerpt":{"rendered":"<p>Grant\u2019s Family Reserve tiek uzskat\u012bts par vienu no pasaules vislab\u0101kajiem jauktajiem skotu viskijiem. T\u0101 ra\u017eo\u0161an\u0101 tiek izmantota unik\u0101la tehnolo\u0123ija, ar kuras pal\u012bdz\u012bbu tiek ieg\u016bts \u013coti viegls spirts. Lai dz\u0113rienam b\u016btu...<\/p>\n","protected":false},"featured_media":6787,"template":"","meta":[],"product_cat":[297],"product_tag":[],"acf":[],"_links":{"self":[{"href":"https:\/\/amberdistribution.lv\/lv\/wp-json\/wp\/v2\/product\/2165"}],"collection":[{"href":"https:\/\/amberdistribution.lv\/lv\/wp-json\/wp\/v2\/product"}],"about":[{"href":"https:\/\/amberdistribution.lv\/lv\/wp-json\/wp\/v2\/types\/product"}],"wp:featuredmedia":[{"embeddable":true,"href":"https:\/\/amberdistribution.lv\/lv\/wp-json\/wp\/v2\/media\/6787"}],"wp:attachment":[{"href":"https:\/\/amberdistribution.lv\/lv\/wp-json\/wp\/v2\/media?parent=2165"}],"wp:term":[{"taxonomy":"product_cat","embeddable":true,"href":"https:\/\/amberdistribution.lv\/lv\/wp-json\/wp\/v2\/product_cat?post=2165"},{"taxonomy":"product_tag","embeddable":true,"href":"https:\/\/amberdistribution.lv\/lv\/wp-json\/wp\/v2\/product_tag?post=2165"}],"curies":[{"name":"wp","href":"https:\/\/api.w.org\/{rel}","templated":true}]}}