{"id":2171,"date":"2022-03-31T09:51:04","date_gmt":"2022-03-31T09:51:04","guid":{"rendered":"https:\/\/amberdistribution.lv\/?post_type=product&#038;p=2171"},"modified":"2022-03-31T09:54:48","modified_gmt":"2022-03-31T09:54:48","slug":"grants-triple-wood-12yo","status":"publish","type":"product","link":"https:\/\/amberdistribution.lv\/lv\/product\/grants-triple-wood-12yo\/","title":{"rendered":"Grant's Triple Wood 12YO"},"content":{"rendered":"<p>Grant's augst\u0101k\u0101s kvalit\u0101tes 12 gadus iztur\u0113tais viskijs ir lielisks izsmalcin\u0101t\u0101ko iesala un graudu viskiju mais\u012bjums. Grant's Triple Wood 12YO ir iztur\u0113ts tr\u012bs da\u017e\u0101d\u0101s muc\u0101s maig\u0101kai gar\u0161ai: \u0161erija muca nodro\u0161ina saldu, notur\u012bgu gar\u0161vielu bu\u0137eti, Amerikas ozolkoks pie\u0161\u0137ir smalku vani\u013cas gludumu un Borbona atk\u0101rtoti pild\u012bta muca sniedz br\u016bn\u0101 cukura saldumu, rezult\u0101t\u0101 ieg\u016bstot bag\u0101t\u012bgu, kompleksu ar izteikt\u0101m vani\u013cas not\u012bm gar\u0161u. Ilga, mier\u012bga un sildo\u0161a saj\u016bta, kuru j\u016bs noteikti nev\u0113l\u0113sieties sasteigt. Ide\u0101li piem\u0113rots svar\u012bgu dz\u012bves notikumu atz\u012bm\u0113\u0161anai.<\/p>\n","protected":false},"excerpt":{"rendered":"<p>Grant's augst\u0101k\u0101s kvalit\u0101tes 12 gadus iztur\u0113tais viskijs ir lielisks izsmalcin\u0101t\u0101ko iesala un graudu viskiju mais\u012bjums. Grant's Triple Wood 12YO ir iztur\u0113ts tr\u012bs da\u017e\u0101d\u0101s muc\u0101s maig\u0101kai gar\u0161ai: \u0161erija muca nodro\u0161ina saldu,...<\/p>\n","protected":false},"featured_media":2172,"template":"","meta":[],"product_cat":[297],"product_tag":[],"acf":[],"_links":{"self":[{"href":"https:\/\/amberdistribution.lv\/lv\/wp-json\/wp\/v2\/product\/2171"}],"collection":[{"href":"https:\/\/amberdistribution.lv\/lv\/wp-json\/wp\/v2\/product"}],"about":[{"href":"https:\/\/amberdistribution.lv\/lv\/wp-json\/wp\/v2\/types\/product"}],"wp:featuredmedia":[{"embeddable":true,"href":"https:\/\/amberdistribution.lv\/lv\/wp-json\/wp\/v2\/media\/2172"}],"wp:attachment":[{"href":"https:\/\/amberdistribution.lv\/lv\/wp-json\/wp\/v2\/media?parent=2171"}],"wp:term":[{"taxonomy":"product_cat","embeddable":true,"href":"https:\/\/amberdistribution.lv\/lv\/wp-json\/wp\/v2\/product_cat?post=2171"},{"taxonomy":"product_tag","embeddable":true,"href":"https:\/\/amberdistribution.lv\/lv\/wp-json\/wp\/v2\/product_tag?post=2171"}],"curies":[{"name":"wp","href":"https:\/\/api.w.org\/{rel}","templated":true}]}}