{"id":2176,"date":"2022-04-01T11:20:25","date_gmt":"2022-04-01T11:20:25","guid":{"rendered":"https:\/\/amberdistribution.lv\/?post_type=product&#038;p=2176"},"modified":"2022-07-22T08:20:03","modified_gmt":"2022-07-22T08:20:03","slug":"aerstone-single-malt-10yo-sea-cask-gb","status":"publish","type":"product","link":"https:\/\/amberdistribution.lv\/lv\/product\/aerstone-single-malt-10yo-sea-cask-gb\/","title":{"rendered":"Aerstone Single Malt 10YO Sea Cask GB"},"content":{"rendered":"<p>Skotu\u00a0<em>\"single malt\"<\/em>\u00a0(iesala) viskijs. R\u016bp\u012bgi nogatavin\u0101ts vair\u0101k, k\u0101 10 gadus, atrodoties intens\u012bv\u0101 vid\u0113, kura ieskauj viskija ra\u017eotni Air\u0161\u012bras piekrast\u0113, Skotijas zemien\u0113.<\/p>\n<p>Aerstone z\u012bmolam past\u0101v divi at\u0161\u0137ir\u012bgi iesala viskija stili. Vienu no tiem sauc\u00a0<em>\u201cLand Cask\u201d<\/em>, kur\u0161 ir bag\u0101t\u012bgi d\u016bmakains un otru sauc\u00a0<strong><em>\u201cSea Cask\u201d<\/em><\/strong>, kur\u0161 ir maigs un samtains.<\/p>\n<p>\u0160is ir\u00a0<strong><em>\u201cSea Cask\u201d<\/em><\/strong>. \u00a0Nogatavin\u0101ts noliktav\u0101s atrodoties blakus j\u016brai, viskijs ar j\u016bras s\u0101ls pieska\u0146u t\u0101 p\u0113cgar\u0161\u0101.<\/p>\n<p>Izv\u0113lieties savu gar\u0161u un baudiet \u0161o unik\u0101lo Skotijas elementu bu\u0137eti. Ra\u017eots Skotij\u0101.<\/p>\n","protected":false},"excerpt":{"rendered":"<p>Skotu\u00a0\"single malt\"\u00a0(iesala) viskijs. R\u016bp\u012bgi nogatavin\u0101ts vair\u0101k, k\u0101 10 gadus, atrodoties intens\u012bv\u0101 vid\u0113, kura ieskauj viskija ra\u017eotni Air\u0161\u012bras piekrast\u0113, Skotijas zemien\u0113. Aerstone z\u012bmolam past\u0101v divi at\u0161\u0137ir\u012bgi iesala viskija stili. Vienu no...<\/p>\n","protected":false},"featured_media":2177,"template":"","meta":[],"product_cat":[297],"product_tag":[],"acf":[],"_links":{"self":[{"href":"https:\/\/amberdistribution.lv\/lv\/wp-json\/wp\/v2\/product\/2176"}],"collection":[{"href":"https:\/\/amberdistribution.lv\/lv\/wp-json\/wp\/v2\/product"}],"about":[{"href":"https:\/\/amberdistribution.lv\/lv\/wp-json\/wp\/v2\/types\/product"}],"wp:featuredmedia":[{"embeddable":true,"href":"https:\/\/amberdistribution.lv\/lv\/wp-json\/wp\/v2\/media\/2177"}],"wp:attachment":[{"href":"https:\/\/amberdistribution.lv\/lv\/wp-json\/wp\/v2\/media?parent=2176"}],"wp:term":[{"taxonomy":"product_cat","embeddable":true,"href":"https:\/\/amberdistribution.lv\/lv\/wp-json\/wp\/v2\/product_cat?post=2176"},{"taxonomy":"product_tag","embeddable":true,"href":"https:\/\/amberdistribution.lv\/lv\/wp-json\/wp\/v2\/product_tag?post=2176"}],"curies":[{"name":"wp","href":"https:\/\/api.w.org\/{rel}","templated":true}]}}