{"id":2207,"date":"2022-04-01T12:34:00","date_gmt":"2022-04-01T12:34:00","guid":{"rendered":"https:\/\/amberdistribution.lv\/?post_type=product&#038;p=2207"},"modified":"2022-04-01T12:34:00","modified_gmt":"2022-04-01T12:34:00","slug":"balvenie-caribbean-cask-14yo","status":"publish","type":"product","link":"https:\/\/amberdistribution.lv\/lv\/product\/balvenie-caribbean-cask-14yo\/","title":{"rendered":"Balvenie Caribbean Cask 14YO"},"content":{"rendered":"<p>The Balvenie Caribbean Cask ir 14 gadus briedin\u0101ts Single Malt viskijs, kur\u0161 nogatavin\u0101\u0161anas procesa nosl\u0113gum\u0101 tiek iztur\u0113ts Kar\u012bbu salu ruma muc\u0101s. Tas lieliski papildina The Balvenie vani\u013cas arom\u0101tus ar pikant\u0101m un svaig\u0101m nians\u0113m.<\/p>\n","protected":false},"excerpt":{"rendered":"<p>The Balvenie Caribbean Cask ir 14 gadus briedin\u0101ts Single Malt viskijs, kur\u0161 nogatavin\u0101\u0161anas procesa nosl\u0113gum\u0101 tiek iztur\u0113ts Kar\u012bbu salu ruma muc\u0101s. Tas lieliski papildina The Balvenie vani\u013cas arom\u0101tus ar pikant\u0101m...<\/p>\n","protected":false},"featured_media":2196,"template":"","meta":[],"product_cat":[297],"product_tag":[],"acf":[],"_links":{"self":[{"href":"https:\/\/amberdistribution.lv\/lv\/wp-json\/wp\/v2\/product\/2207"}],"collection":[{"href":"https:\/\/amberdistribution.lv\/lv\/wp-json\/wp\/v2\/product"}],"about":[{"href":"https:\/\/amberdistribution.lv\/lv\/wp-json\/wp\/v2\/types\/product"}],"wp:featuredmedia":[{"embeddable":true,"href":"https:\/\/amberdistribution.lv\/lv\/wp-json\/wp\/v2\/media\/2196"}],"wp:attachment":[{"href":"https:\/\/amberdistribution.lv\/lv\/wp-json\/wp\/v2\/media?parent=2207"}],"wp:term":[{"taxonomy":"product_cat","embeddable":true,"href":"https:\/\/amberdistribution.lv\/lv\/wp-json\/wp\/v2\/product_cat?post=2207"},{"taxonomy":"product_tag","embeddable":true,"href":"https:\/\/amberdistribution.lv\/lv\/wp-json\/wp\/v2\/product_tag?post=2207"}],"curies":[{"name":"wp","href":"https:\/\/api.w.org\/{rel}","templated":true}]}}